{"id":11,"date":"2018-10-25T15:31:37","date_gmt":"2018-10-25T21:31:37","guid":{"rendered":"\/\/virket.com\/?page_id=11"},"modified":"2026-04-01T14:07:33","modified_gmt":"2026-04-01T20:07:33","slug":"local","status":"publish","type":"page","link":"https:\/\/virket.com\/es\/local\/","title":{"rendered":"Local"},"content":{"rendered":"<div id=\"headerLocal\" class=\"page-header\">\n<div class=\"container\">\n<h2>Genere ingresos adicionales de su base <br class=\"d-none d-md-block\" \/>de clientes PYMES ofreciendo servicios profesionales <br class=\"d-none d-md-block\" \/>de marketing digital local<\/h2>\n<p><!--div class=\"text-center\">\n        <button class=\"btn btn-link\"><i class=\"far fa-play-circle\"><\/i> Watch the video<\/button>\n      <\/div-->\n<\/div>\n<\/div>\n<div id=\"bunits\"><\/div>\n<section id=\"sectionTop\" class=\"section-dark-blue\">\n<div class=\"container text-center\">\n<div class=\"section-title text-white\">Ofrecemos a nuestros aliados de negocio nuevas fuentes de ingresos al ampliar su oferta de servicios a sus clientes PYMES, posicion\u00e1ndolos como un proveedor confiable para los negocios que buscan crecer digitalmente<\/div>\n<div class=\"row\">\n<div class=\"col-md-6 mb-5 mb-md-0\">\n<div class=\"card\"><img class=\"card-img-top mb-4\" \/><\/p>\n<div class=\"card-body\">VIRKET LOCAL ofrece un modelo de servicios administrados \u201cplug-and-play\u201d que habilita a las empresas<br \/>\nque atienden clientes PYMES a ofrecer un portafolio de servicios de marketing digital \u201clo hacemos por ti\u201d,<br \/>\nentregado con talento profesional y un excelente servicio al cliente en marca blanca.<\/div>\n<\/div>\n<\/div>\n<div class=\"col-md-6\">\n<div class=\"card\"><img class=\"card-img-top mb-4\" \/><\/p>\n<div class=\"card-body\">Nuestros procesos automatizados est\u00e1n sistem\u00e1ticamente programados para operar a gran escala, lo<br \/>\nque permite convertir miles de oportunidades de venta a PYMES en ingresos adicionales a nuestros<br \/>\nsocios de negocio sin que ellos tengan que invertir en Capex. Nosotros hacemos todo el trabajo.<\/div>\n<\/div>\n<\/div>\n<\/div>\n<\/div>\n<\/section>\n<section id=\"localContent\" class=\"separator-image\">\n<div class=\"container\">\n<div class=\"section-title text-center text-white\">Trabajamos con una amplia red de socios de negocio lideres en su industria que tienen una gran base de clientes PYMES, ayud\u00e1ndoles a incrementar los ingresos y la retenci\u00f3n de sus clientes.<\/div>\n<div class=\"row\">\n<div class=\"col-lg-4 col-md-6\">\n<div class=\"card\">\n<div class=\"card-body\"><\/div>\n<div class=\"card-body\">\n<div class=\"card-title\">Compa\u00f1\u00edas de Telecom<\/div>\n<\/div>\n<div class=\"card-body\">Ya proveen servicios de telefon\u00eda e internet a millones de peque\u00f1os negocios, ahora pueden brindar servicios de valor agregado ofreciendo un portafolio de marketing digital local para ayudar a sus clientes a crecer su negocio y a fortalecer su relaci\u00f3n de largo plazo.<\/div>\n<\/div>\n<\/div>\n<div class=\"col-lg-4 col-md-6\">\n<div class=\"card\">\n<div class=\"card-body\"><\/div>\n<div class=\"card-body\">\n<div class=\"card-title\">Compa\u00f1\u00edas de Medios<\/div>\n<\/div>\n<div class=\"card-body\">Miles de due\u00f1os de peque\u00f1os negocios ven, oyen o leen los medios de nuestros socios, pero pueden ser costosos de atender como clientes, ahora pueden monetizar sus audiencias PYMES convirti\u00e9ndolos en clientes leales de servicios de marketing digital local.<\/div>\n<\/div>\n<\/div>\n<div class=\"col-lg-4 col-md-6\">\n<div class=\"card\">\n<div class=\"card-body\"><\/div>\n<div class=\"card-body\">\n<div class=\"card-title\">Proveedores de Tecnolog\u00eda para PYMES<\/div>\n<\/div>\n<div class=\"card-body\">Compa\u00f1\u00edas de servicios de tecnolog\u00eda digital para PYMES, como proveedores de dominios \/ hosting \u00f3 plataformas digitales, suelen contar con soluciones muy robustas de software Do-It-Yourself (\u201chazlo t\u00fa mismo\u201d), sin embargo, la gran mayor\u00eda de los peque\u00f1os negocios no pueden adoptar estas soluciones por falta de conocimientos y tiempo. Nosotros transformamos la tecnolog\u00eda en servicios amigables y de f\u00e1cil conversi\u00f3n.<\/div>\n<\/div>\n<\/div>\n<div class=\"col-lg-4 col-md-6\">\n<div class=\"card\">\n<div class=\"card-body\"><\/div>\n<div class=\"card-body\">\n<div class=\"card-title\">Directorio Locales \/ Paginas Amarillas<\/div>\n<\/div>\n<div class=\"card-body\">Los peque\u00f1os negocios han confiado en las empresas de directorios y p\u00e1ginas amarillas por a\u00f1os, ahora este tipo de compa\u00f1\u00edas pueden ampliar su oferta de servicios creando directorios digitales y ofreciendo servicios de creaci\u00f3n de paginas y marketing digital a sus clientes PYMES sin tener que invertir en personal de desarrollo y servicio a clientes especializado.<\/div>\n<\/div>\n<\/div>\n<div class=\"col-lg-4 col-md-6\">\n<div class=\"card\">\n<div class=\"card-body\"><\/div>\n<div class=\"card-body\">\n<div class=\"card-title\">C\u00e1maras de comercio y asociaciones empresariales<\/div>\n<\/div>\n<div class=\"card-body\">Las peque\u00f1as y medianas empresas conf\u00edan en las C\u00e1maras y Asociaciones para ayudarles a ampliar sus relaciones de negocio y adoptar mejores pr\u00e1cticas, ahora estas organizaciones pueden ofrecer servicios de valor agregado a sus miembros con directorios biling\u00fces y portafolio de servicios<br \/>\nde marketing digital.<\/div>\n<\/div>\n<\/div>\n<div class=\"col-lg-4 col-md-6\">\n<div class=\"card\">\n<div class=\"card-body\"><\/div>\n<div class=\"card-body\">\n<div class=\"card-title\">Compa\u00f1\u00edas de Servicios Financieros, de TI y otros servicios especializados a PYMES.<\/div>\n<\/div>\n<div class=\"card-body\">Las compa\u00f1\u00edas que ofrecen servicios a PYMES pueden ampliar su valor agregado con servicios de presencia web y marketing digital local a sus clientes sin invertir en Capex para desarrollar estas nuevas fuentes de ingresos.<\/div>\n<\/div>\n<\/div>\n<\/div>\n<\/div>\n<\/section>\n<section id=\"graphicTable\" class=\"separator-image\">\n<div class=\"container\">\n<div class=\"section-title text-center text-white mb-5\">Ampl\u00ede el portafolio de servicios que ofrece a sus clientes PYMES con una gama de servicios de mercadotecnia digital \u201clo hacemos por ti\u201d que har\u00e1n crecer su negocio<\/div>\n<p><img decoding=\"async\" class=\"img-fluid\" src=\"https:\/\/virket.com\/wp-content\/themes\/Virket\/img\/18.jpg\" \/><\/p>\n<\/div>\n<\/section>\n","protected":false},"excerpt":{"rendered":"<p>Genere ingresos adicionales de su base de clientes PYMES ofreciendo servicios profesionales de marketing digital local Ofrecemos a nuestros aliados de negocio nuevas fuentes de ingresos al ampliar su oferta de servicios a sus clientes PYMES, posicion\u00e1ndolos como un proveedor confiable para los negocios que buscan crecer digitalmente VIRKET LOCAL ofrece un modelo de servicios [&hellip;]<\/p>\n","protected":false},"author":4,"featured_media":0,"parent":0,"menu_order":0,"comment_status":"closed","ping_status":"closed","template":"","meta":{"footnotes":""},"class_list":["post-11","page","type-page","status-publish","hentry"],"yoast_head":"<!-- This site is optimized with the Yoast SEO plugin v27.3 - https:\/\/yoast.com\/product\/yoast-seo-wordpress\/ -->\n<title>Local<\/title>\n<meta name=\"robots\" content=\"index, follow, max-snippet:-1, max-image-preview:large, max-video-preview:-1\" \/>\n<link rel=\"canonical\" href=\"https:\/\/virket.com\/es\/local\/\" \/>\n<meta property=\"og:locale\" content=\"es_MX\" \/>\n<meta property=\"og:locale:alternate\" content=\"en_US\" \/>\n<meta property=\"og:type\" content=\"article\" \/>\n<meta property=\"og:title\" content=\"Local\" \/>\n<meta property=\"og:description\" content=\"Genere ingresos adicionales de su base de clientes PYMES ofreciendo servicios profesionales de marketing digital local Ofrecemos a nuestros aliados de negocio nuevas fuentes de ingresos al ampliar su oferta de servicios a sus clientes PYMES, posicion\u00e1ndolos como un proveedor confiable para los negocios que buscan crecer digitalmente VIRKET LOCAL ofrece un modelo de servicios [&hellip;]\" \/>\n<meta property=\"og:url\" content=\"https:\/\/virket.com\/es\/local\/\" \/>\n<meta property=\"og:site_name\" content=\"Virket\" \/>\n<meta property=\"article:publisher\" content=\"https:\/\/www.facebook.com\/grupovirket\/\" \/>\n<meta property=\"article:modified_time\" content=\"2026-04-01T20:07:33+00:00\" \/>\n<meta property=\"og:image\" content=\"https:\/\/virket.com\/wp-content\/themes\/Virket\/img\/18.jpg\" \/>\n<meta name=\"twitter:card\" content=\"summary_large_image\" \/>\n<meta name=\"twitter:label1\" content=\"Tiempo de lectura\" \/>\n\t<meta name=\"twitter:data1\" content=\"12 minutos\" \/>\n<script type=\"application\/ld+json\" class=\"yoast-schema-graph\">{\"@context\":\"https:\\\/\\\/schema.org\",\"@graph\":[{\"@type\":\"WebPage\",\"@id\":\"https:\\\/\\\/virket.com\\\/es\\\/local\\\/\",\"url\":\"https:\\\/\\\/virket.com\\\/es\\\/local\\\/\",\"name\":\"Local\",\"isPartOf\":{\"@id\":\"https:\\\/\\\/virket.com\\\/#website\"},\"primaryImageOfPage\":{\"@id\":\"https:\\\/\\\/virket.com\\\/es\\\/local\\\/#primaryimage\"},\"image\":{\"@id\":\"https:\\\/\\\/virket.com\\\/es\\\/local\\\/#primaryimage\"},\"thumbnailUrl\":\"https:\\\/\\\/virket.com\\\/wp-content\\\/themes\\\/Virket\\\/img\\\/18.jpg\",\"datePublished\":\"2018-10-25T21:31:37+00:00\",\"dateModified\":\"2026-04-01T20:07:33+00:00\",\"breadcrumb\":{\"@id\":\"https:\\\/\\\/virket.com\\\/es\\\/local\\\/#breadcrumb\"},\"inLanguage\":\"es-MX\",\"potentialAction\":[{\"@type\":\"ReadAction\",\"target\":[\"https:\\\/\\\/virket.com\\\/es\\\/local\\\/\"]}]},{\"@type\":\"ImageObject\",\"inLanguage\":\"es-MX\",\"@id\":\"https:\\\/\\\/virket.com\\\/es\\\/local\\\/#primaryimage\",\"url\":\"https:\\\/\\\/virket.com\\\/wp-content\\\/themes\\\/Virket\\\/img\\\/18.jpg\",\"contentUrl\":\"https:\\\/\\\/virket.com\\\/wp-content\\\/themes\\\/Virket\\\/img\\\/18.jpg\"},{\"@type\":\"BreadcrumbList\",\"@id\":\"https:\\\/\\\/virket.com\\\/es\\\/local\\\/#breadcrumb\",\"itemListElement\":[{\"@type\":\"ListItem\",\"position\":1,\"name\":\"Home\",\"item\":\"https:\\\/\\\/virket.com\\\/\"},{\"@type\":\"ListItem\",\"position\":2,\"name\":\"Local\"}]},{\"@type\":\"WebSite\",\"@id\":\"https:\\\/\\\/virket.com\\\/#website\",\"url\":\"https:\\\/\\\/virket.com\\\/\",\"name\":\"Virket Group\",\"description\":\"\",\"potentialAction\":[{\"@type\":\"SearchAction\",\"target\":{\"@type\":\"EntryPoint\",\"urlTemplate\":\"https:\\\/\\\/virket.com\\\/?s={search_term_string}\"},\"query-input\":{\"@type\":\"PropertyValueSpecification\",\"valueRequired\":true,\"valueName\":\"search_term_string\"}}],\"inLanguage\":\"es-MX\"}]}<\/script>\n<!-- \/ Yoast SEO plugin. -->","yoast_head_json":{"title":"Local","robots":{"index":"index","follow":"follow","max-snippet":"max-snippet:-1","max-image-preview":"max-image-preview:large","max-video-preview":"max-video-preview:-1"},"canonical":"https:\/\/virket.com\/es\/local\/","og_locale":"es_MX","og_type":"article","og_title":"[:en]Local[:es]Local[:] - Virket","og_description":"Genere ingresos adicionales de su base de clientes PYMES ofreciendo servicios profesionales de marketing digital local Ofrecemos a nuestros aliados de negocio nuevas fuentes de ingresos al ampliar su oferta de servicios a sus clientes PYMES, posicion\u00e1ndolos como un proveedor confiable para los negocios que buscan crecer digitalmente VIRKET LOCAL ofrece un modelo de servicios [&hellip;]","og_url":"https:\/\/virket.com\/es\/local\/","og_site_name":"Virket","article_publisher":"https:\/\/www.facebook.com\/grupovirket\/","article_modified_time":"2026-04-01T20:07:33+00:00","og_image":[{"url":"https:\/\/virket.com\/wp-content\/themes\/Virket\/img\/18.jpg","type":"","width":"","height":""}],"twitter_card":"summary_large_image","twitter_misc":{"Tiempo de lectura":"12 minutos"},"schema":{"@context":"https:\/\/schema.org","@graph":[{"@type":"WebPage","@id":"https:\/\/virket.com\/es\/local\/","url":"https:\/\/virket.com\/es\/local\/","name":"Local","isPartOf":{"@id":"https:\/\/virket.com\/#website"},"primaryImageOfPage":{"@id":"https:\/\/virket.com\/es\/local\/#primaryimage"},"image":{"@id":"https:\/\/virket.com\/es\/local\/#primaryimage"},"thumbnailUrl":"https:\/\/virket.com\/wp-content\/themes\/Virket\/img\/18.jpg","datePublished":"2018-10-25T21:31:37+00:00","dateModified":"2026-04-01T20:07:33+00:00","breadcrumb":{"@id":"https:\/\/virket.com\/es\/local\/#breadcrumb"},"inLanguage":"es-MX","potentialAction":[{"@type":"ReadAction","target":["https:\/\/virket.com\/es\/local\/"]}]},{"@type":"ImageObject","inLanguage":"es-MX","@id":"https:\/\/virket.com\/es\/local\/#primaryimage","url":"https:\/\/virket.com\/wp-content\/themes\/Virket\/img\/18.jpg","contentUrl":"https:\/\/virket.com\/wp-content\/themes\/Virket\/img\/18.jpg"},{"@type":"BreadcrumbList","@id":"https:\/\/virket.com\/es\/local\/#breadcrumb","itemListElement":[{"@type":"ListItem","position":1,"name":"Home","item":"https:\/\/virket.com\/"},{"@type":"ListItem","position":2,"name":"Local"}]},{"@type":"WebSite","@id":"https:\/\/virket.com\/#website","url":"https:\/\/virket.com\/","name":"Virket Group","description":"","potentialAction":[{"@type":"SearchAction","target":{"@type":"EntryPoint","urlTemplate":"https:\/\/virket.com\/?s={search_term_string}"},"query-input":{"@type":"PropertyValueSpecification","valueRequired":true,"valueName":"search_term_string"}}],"inLanguage":"es-MX"}]}},"_links":{"self":[{"href":"https:\/\/virket.com\/es\/wp-json\/wp\/v2\/pages\/11","targetHints":{"allow":["GET"]}}],"collection":[{"href":"https:\/\/virket.com\/es\/wp-json\/wp\/v2\/pages"}],"about":[{"href":"https:\/\/virket.com\/es\/wp-json\/wp\/v2\/types\/page"}],"author":[{"embeddable":true,"href":"https:\/\/virket.com\/es\/wp-json\/wp\/v2\/users\/4"}],"replies":[{"embeddable":true,"href":"https:\/\/virket.com\/es\/wp-json\/wp\/v2\/comments?post=11"}],"version-history":[{"count":32,"href":"https:\/\/virket.com\/es\/wp-json\/wp\/v2\/pages\/11\/revisions"}],"predecessor-version":[{"id":701,"href":"https:\/\/virket.com\/es\/wp-json\/wp\/v2\/pages\/11\/revisions\/701"}],"wp:attachment":[{"href":"https:\/\/virket.com\/es\/wp-json\/wp\/v2\/media?parent=11"}],"curies":[{"name":"wp","href":"https:\/\/api.w.org\/{rel}","templated":true}]}}