{"id":235,"date":"2022-08-05T14:16:34","date_gmt":"2022-08-05T19:16:34","guid":{"rendered":"https:\/\/virket.com\/es\/?page_id=235"},"modified":"2022-08-09T17:52:00","modified_gmt":"2022-08-09T22:52:00","slug":"ventasclick","status":"publish","type":"page","link":"https:\/\/virket.com\/es\/ventasclick\/","title":{"rendered":"Ventasclick"},"content":{"rendered":"<div class=\"page-header\" id=\"headerAgency\">\n<div class=\"container\">\n<h2>\u00bfQui\u00e9nes&nbsp;somos?<\/h2>\n<div class=\"h4 mb-5\">&nbsp;<strong><strong><a href=\"https:\/\/www.ventasclick.com\/\">Ventas Click<\/a><\/strong><\/strong> es una marca de <strong>VIRKET<\/strong>&nbsp;enfocada a&nbsp;<strong>eCommerce para PyMES<\/strong>. Ventasclick es una marca enfocada en todo lo que necesita una pyme para tener presencia y transacciones en l\u00ednea, a trav\u00e9s de una plataforma de venta en Internet de una manera f\u00e1cil y asistidos por un equipo de soporte y atenci\u00f3n.<\/div>\n<\/div>\n<\/div>\n","protected":false},"excerpt":{"rendered":"<p>\u00bfQui\u00e9nes&nbsp;somos? &nbsp;Ventas Click es una marca de VIRKET&nbsp;enfocada a&nbsp;eCommerce para PyMES. Ventasclick es una marca enfocada en todo lo que necesita una pyme para tener presencia y transacciones en l\u00ednea, a trav\u00e9s de una plataforma de venta en Internet de una manera f\u00e1cil y asistidos por un equipo de soporte y atenci\u00f3n.<\/p>\n","protected":false},"author":2,"featured_media":0,"parent":0,"menu_order":0,"comment_status":"closed","ping_status":"closed","template":"","meta":{"footnotes":""},"class_list":["post-235","page","type-page","status-publish","hentry"],"yoast_head":"<!-- This site is optimized with the Yoast SEO plugin v27.3 - https:\/\/yoast.com\/product\/yoast-seo-wordpress\/ -->\n<title>Ventasclick<\/title>\n<meta name=\"robots\" content=\"index, follow, max-snippet:-1, max-image-preview:large, max-video-preview:-1\" \/>\n<link rel=\"canonical\" href=\"https:\/\/virket.com\/es\/ventasclick\/\" \/>\n<meta property=\"og:locale\" content=\"es_MX\" \/>\n<meta property=\"og:locale:alternate\" content=\"en_US\" \/>\n<meta property=\"og:type\" content=\"article\" \/>\n<meta property=\"og:title\" content=\"Ventasclick\" \/>\n<meta property=\"og:description\" content=\"\u00bfQui\u00e9nes&nbsp;somos? &nbsp;Ventas Click es una marca de VIRKET&nbsp;enfocada a&nbsp;eCommerce para PyMES. Ventasclick es una marca enfocada en todo lo que necesita una pyme para tener presencia y transacciones en l\u00ednea, a trav\u00e9s de una plataforma de venta en Internet de una manera f\u00e1cil y asistidos por un equipo de soporte y atenci\u00f3n.\" \/>\n<meta property=\"og:url\" content=\"https:\/\/virket.com\/es\/ventasclick\/\" \/>\n<meta property=\"og:site_name\" content=\"Virket\" \/>\n<meta property=\"article:publisher\" content=\"https:\/\/www.facebook.com\/grupovirket\/\" \/>\n<meta property=\"article:modified_time\" content=\"2022-08-09T22:52:00+00:00\" \/>\n<meta name=\"twitter:card\" content=\"summary_large_image\" \/>\n<meta name=\"twitter:label1\" content=\"Tiempo de lectura\" \/>\n\t<meta name=\"twitter:data1\" content=\"1 minuto\" \/>\n<script type=\"application\/ld+json\" class=\"yoast-schema-graph\">{\"@context\":\"https:\\\/\\\/schema.org\",\"@graph\":[{\"@type\":\"WebPage\",\"@id\":\"https:\\\/\\\/virket.com\\\/ventasclick\\\/\",\"url\":\"https:\\\/\\\/virket.com\\\/ventasclick\\\/\",\"name\":\"Ventasclick\",\"isPartOf\":{\"@id\":\"https:\\\/\\\/virket.com\\\/#website\"},\"datePublished\":\"2022-08-05T19:16:34+00:00\",\"dateModified\":\"2022-08-09T22:52:00+00:00\",\"breadcrumb\":{\"@id\":\"https:\\\/\\\/virket.com\\\/ventasclick\\\/#breadcrumb\"},\"inLanguage\":\"es-MX\",\"potentialAction\":[{\"@type\":\"ReadAction\",\"target\":[\"https:\\\/\\\/virket.com\\\/ventasclick\\\/\"]}]},{\"@type\":\"BreadcrumbList\",\"@id\":\"https:\\\/\\\/virket.com\\\/ventasclick\\\/#breadcrumb\",\"itemListElement\":[{\"@type\":\"ListItem\",\"position\":1,\"name\":\"Home\",\"item\":\"https:\\\/\\\/virket.com\\\/\"},{\"@type\":\"ListItem\",\"position\":2,\"name\":\"Ventasclick\"}]},{\"@type\":\"WebSite\",\"@id\":\"https:\\\/\\\/virket.com\\\/#website\",\"url\":\"https:\\\/\\\/virket.com\\\/\",\"name\":\"Virket Group\",\"description\":\"\",\"potentialAction\":[{\"@type\":\"SearchAction\",\"target\":{\"@type\":\"EntryPoint\",\"urlTemplate\":\"https:\\\/\\\/virket.com\\\/?s={search_term_string}\"},\"query-input\":{\"@type\":\"PropertyValueSpecification\",\"valueRequired\":true,\"valueName\":\"search_term_string\"}}],\"inLanguage\":\"es-MX\"}]}<\/script>\n<!-- \/ Yoast SEO plugin. -->","yoast_head_json":{"title":"Ventasclick","robots":{"index":"index","follow":"follow","max-snippet":"max-snippet:-1","max-image-preview":"max-image-preview:large","max-video-preview":"max-video-preview:-1"},"canonical":"https:\/\/virket.com\/es\/ventasclick\/","og_locale":"es_MX","og_type":"article","og_title":"[:en]Ventasclick[:es]Ventasclick[:] - Virket","og_description":"\u00bfQui\u00e9nes&nbsp;somos? &nbsp;Ventas Click es una marca de VIRKET&nbsp;enfocada a&nbsp;eCommerce para PyMES. Ventasclick es una marca enfocada en todo lo que necesita una pyme para tener presencia y transacciones en l\u00ednea, a trav\u00e9s de una plataforma de venta en Internet de una manera f\u00e1cil y asistidos por un equipo de soporte y atenci\u00f3n.","og_url":"https:\/\/virket.com\/es\/ventasclick\/","og_site_name":"Virket","article_publisher":"https:\/\/www.facebook.com\/grupovirket\/","article_modified_time":"2022-08-09T22:52:00+00:00","twitter_card":"summary_large_image","twitter_misc":{"Tiempo de lectura":"1 minuto"},"schema":{"@context":"https:\/\/schema.org","@graph":[{"@type":"WebPage","@id":"https:\/\/virket.com\/ventasclick\/","url":"https:\/\/virket.com\/ventasclick\/","name":"Ventasclick","isPartOf":{"@id":"https:\/\/virket.com\/#website"},"datePublished":"2022-08-05T19:16:34+00:00","dateModified":"2022-08-09T22:52:00+00:00","breadcrumb":{"@id":"https:\/\/virket.com\/ventasclick\/#breadcrumb"},"inLanguage":"es-MX","potentialAction":[{"@type":"ReadAction","target":["https:\/\/virket.com\/ventasclick\/"]}]},{"@type":"BreadcrumbList","@id":"https:\/\/virket.com\/ventasclick\/#breadcrumb","itemListElement":[{"@type":"ListItem","position":1,"name":"Home","item":"https:\/\/virket.com\/"},{"@type":"ListItem","position":2,"name":"Ventasclick"}]},{"@type":"WebSite","@id":"https:\/\/virket.com\/#website","url":"https:\/\/virket.com\/","name":"Virket Group","description":"","potentialAction":[{"@type":"SearchAction","target":{"@type":"EntryPoint","urlTemplate":"https:\/\/virket.com\/?s={search_term_string}"},"query-input":{"@type":"PropertyValueSpecification","valueRequired":true,"valueName":"search_term_string"}}],"inLanguage":"es-MX"}]}},"_links":{"self":[{"href":"https:\/\/virket.com\/es\/wp-json\/wp\/v2\/pages\/235","targetHints":{"allow":["GET"]}}],"collection":[{"href":"https:\/\/virket.com\/es\/wp-json\/wp\/v2\/pages"}],"about":[{"href":"https:\/\/virket.com\/es\/wp-json\/wp\/v2\/types\/page"}],"author":[{"embeddable":true,"href":"https:\/\/virket.com\/es\/wp-json\/wp\/v2\/users\/2"}],"replies":[{"embeddable":true,"href":"https:\/\/virket.com\/es\/wp-json\/wp\/v2\/comments?post=235"}],"version-history":[{"count":23,"href":"https:\/\/virket.com\/es\/wp-json\/wp\/v2\/pages\/235\/revisions"}],"predecessor-version":[{"id":409,"href":"https:\/\/virket.com\/es\/wp-json\/wp\/v2\/pages\/235\/revisions\/409"}],"wp:attachment":[{"href":"https:\/\/virket.com\/es\/wp-json\/wp\/v2\/media?parent=235"}],"curies":[{"name":"wp","href":"https:\/\/api.w.org\/{rel}","templated":true}]}}