{"id":3,"date":"2018-10-25T15:25:12","date_gmt":"2018-10-25T21:25:12","guid":{"rendered":"\/\/virket.com\/?page_id=3"},"modified":"2026-04-01T14:55:42","modified_gmt":"2026-04-01T20:55:42","slug":"aviso-de-privacidad","status":"publish","type":"page","link":"https:\/\/virket.com\/es\/aviso-de-privacidad\/","title":{"rendered":"Pol\u00edtica de Privacidad"},"content":{"rendered":"<article class=\"aviso-privacidad\">\n<h1>Aviso de Privacidad<\/h1>\n<p> Increase Visibility M\u00e9xico, S. de R.L. de C.V., en lo sucesivo <strong>&#8220;VIRKET&#8221;<\/strong>, con domicilio en Prol. Paseo de la Reforma 1015 Piso 7, colonia Santa Fe, Cuajimalpa, Ciudad de M\u00e9xico, Alcald\u00eda Cuajimalpa de Morelos, C.P. 05349, Ciudad de M\u00e9xico, M\u00e9xico, es responsable de recabar sus datos personales, del uso que se le d\u00e9 a los mismos y de su protecci\u00f3n. <\/p>\n<p> <!-- Tabla resumen --> <\/p>\n<table>\n<tbody>\n<tr>\n<th>\u00bfQui\u00e9nes somos?<\/th>\n<td> INCREASE VISIBILITY M\u00c9XICO, S. DE R.L. DE C.V., mejor conocido como VIRKET, con domicilio en Prol. Paseo de la Reforma 1015 Piso 7, colonia Santa Fe, Cuajimalpa, Ciudad de M\u00e9xico, Alcald\u00eda Cuajimalpa de Morelos, C.P. 05349, Ciudad de M\u00e9xico, M\u00e9xico, y portal de internet <a href=\"https:\/\/www.virket.com\" target=\"_blank\" rel=\"noopener noreferrer\">www.virket.com<\/a>, es el responsable del uso y protecci\u00f3n de sus datos personales, y al respecto le informamos lo siguiente: <\/td>\n<\/tr>\n<tr>\n<th>\u00bfPara qu\u00e9 fines utilizaremos sus datos personales?<\/th>\n<td>\n<p>Los datos personales que recabamos de usted, los utilizaremos para las siguientes finalidades que son necesarias para el servicio que solicita:<\/p>\n<ul>\n<li>Contrataci\u00f3n de servicios<\/li>\n<li>Mercadotecnia o publicitaria<\/li>\n<li>Prospecci\u00f3n comercial<\/li>\n<\/ul>\n<\/td>\n<\/tr>\n<tr>\n<th>\u00bfD\u00f3nde puedo consultar el aviso de privacidad integral?<\/th>\n<td> Para conocer mayor informaci\u00f3n sobre los t\u00e9rminos y condiciones en que ser\u00e1n tratados sus datos personales, como los terceros con quienes compartimos su informaci\u00f3n personal y la forma en que podr\u00e1 ejercer sus derechos ARCO, puede consultar el aviso de privacidad integral en:<\/p>\n<p> <a href=\"https:\/\/virket.com\/es\/aviso-de-privacidad\/\" target=\"_blank\" rel=\"noopener noreferrer\"> https:\/\/virket.com\/es\/aviso-de-privacidad\/ <\/a> <\/td>\n<\/tr>\n<\/tbody>\n<\/table>\n<h2>General<\/h2>\n<p> De conformidad con lo previsto en la Ley Federal de Protecci\u00f3n de Datos Personales en Posesi\u00f3n de los Particulares (en lo sucesivo denominada como la <strong>&#8220;Ley&#8221;<\/strong>) y su Reglamento, nos permitimos solicitarle leer este Aviso de Privacidad (el <strong>&#8220;Aviso&#8221;<\/strong>), ya que el presente Aviso contiene los t\u00e9rminos y condiciones aplicables a los Datos Personales que se recaban por parte de VIRKET. En caso de que usted otorgue su consentimiento, su informaci\u00f3n personal ser\u00e1 utilizada para proveer los servicios y productos que ha solicitado, informarle sobre cambios en los mismos y evaluar la calidad del servicio que le brindamos. <\/p>\n<h2>Responsable<\/h2>\n<p> Como parte normal de sus actividades, y de conformidad con su objeto social l\u00edcito, VIRKET en algunos casos recaba y almacena informaci\u00f3n considerada como Datos Personales. <\/p>\n<h2>Datos Recabados<\/h2>\n<p> Los Datos Personales que usted proporciona al responsable, o los que se generen mediante las visitas al sitio de VIRKET, variar\u00e1n en cada caso en concreto dependiendo de sus actividades en el sitio, y ser\u00e1n los siguientes: <\/p>\n<p> <strong>A.<\/strong> En caso de ingresar comentarios a trav\u00e9s del formulario de contacto: Al utilizar esta funcionalidad, \u00fanicamente se recabar\u00e1n y almacenar\u00e1n los Datos Personales siguientes: Datos Generales: Nombre completo (el que Usted proporcione), su correo electr\u00f3nico y cualquier otro que Usted ingrese en los comentarios. En todos los casos, la exactitud y veracidad de los Datos Personales recabados ser\u00e1 de Usted, ya que es Usted quien tiene acceso a sus perfiles en Redes Sociales y quien ingresa su informaci\u00f3n. <\/p>\n<p> <strong>B.<\/strong> En todos los casos, al ingresar al Sitio de VIRKET, se recabar\u00e1n datos a trav\u00e9s de Cookies y Web Beacons. Dichos elementos recaban la direcci\u00f3n IP, su tipo de navegador y sistema operativo, las p\u00e1ginas de Internet que visita, h\u00e1bitos y patrones de navegaci\u00f3n y consumo, los v\u00ednculos que sigue y el sitio que visit\u00f3 antes de entrar al nuestro. De todos los Datos Personales mencionados anteriormente, se crea un perfil de usuario, que se utiliza para las finalidades descritas m\u00e1s adelante. <\/p>\n<h2>Datos Personales Sensibles<\/h2>\n<p>VIRKET no recaba Datos Personales Sensibles.<\/p>\n<h2>Finalidades del Tratamiento<\/h2>\n<p>Sus Datos Personales tendr\u00e1n el uso y tratamiento para las finalidades que en forma taxativa se describen a continuaci\u00f3n:<\/p>\n<p><strong>A. Finalidades primarias.<\/strong><\/p>\n<ul>\n<li> En caso de llenar el formulario de contacto, para contactarle, resolver sus dudas y plantear una propuesta o posible relaci\u00f3n comercial, con base a sus necesidades o las de la empresa que Usted representa. <\/li>\n<\/ul>\n<p><strong>B. Finalidades secundarias.<\/strong><\/p>\n<ul>\n<li>Para identificarle, ubicarle, comunicarle, contactarle, enviarle informaci\u00f3n, as\u00ed como su uso estad\u00edstico y cient\u00edfico (an\u00e1lisis de m\u00e9tricas).<\/li>\n<li>Para desarrollar, por s\u00ed o a trav\u00e9s de sus afiliadas o cualquier tercero, estudios sobre los intereses, comportamientos y demograf\u00eda de los Titulares, a efecto de comprender mejor sus necesidades e intereses, y ofrecer mejores servicios noticiosos.<\/li>\n<li>Para mejorar nuestras iniciativas y estrategias comerciales.<\/li>\n<li>Para analizar las p\u00e1ginas de Internet visitadas, las b\u00fasquedas efectuadas por los Titulares, as\u00ed como para mejorar nuestra oferta de contenido y art\u00edculos, incluyendo su personalizaci\u00f3n, presentaci\u00f3n, programaci\u00f3n y servicios.<\/li>\n<li>Para enviar informaci\u00f3n v\u00eda correo electr\u00f3nico respecto de noticias o eventos relevantes.<\/li>\n<\/ul>\n<h2>Transferencias<\/h2>\n<p> VIRKET no transferir\u00e1 sus Datos Personales sin su consentimiento, aunque podr\u00e1 utilizarlos para las finalidades que dependan de terceros, como estad\u00edsticas y el env\u00edo de boletines, sin que exista transferencia de dichos Datos. Si usted no consiente que sus datos personales sean transferidos en los t\u00e9rminos que se\u00f1ala el presente aviso de privacidad puede solicitarlo en su cuenta. <\/p>\n<h2>Temporalidad<\/h2>\n<p> La temporalidad del manejo de los Datos Personales ser\u00e1 indefinida a partir de la fecha en que Usted los proporcion\u00f3 al Responsable, y desde luego Usted podr\u00e1 oponerse en cualquier momento que lo considere oportuno, para efectos del bloqueo y cancelaci\u00f3n de los mismos. <\/p>\n<h2>Almacenamiento<\/h2>\n<p> Una vez que Usted entregue al Responsable sus Datos Personales por cualquier medio, le manifestamos que estos ser\u00e1n conservados en un sistema CRM del archivo del propio sitio, cuyo acceso estar\u00e1 limitado solamente al Responsable. Sus datos personales ser\u00e1n tratados en todo momento de manera l\u00edcita y observando los principios de Licitud, Consentimiento, Informaci\u00f3n, Calidad, Finalidad, Lealtad, Proporcionalidad y Responsabilidad, en cumplimiento a lo establecido por la Ley. <\/p>\n<h2>Sus Derechos ARCO<\/h2>\n<p> Cualquier duda sobre el presente Aviso, sobre sus Datos Personales y su tratamiento, o sobre c\u00f3mo ejercer los derechos descritos a continuaci\u00f3n, la podremos atender en el tel\u00e9fono <a href=\"tel:+525552927028\">(+52) 55 52 92 70 28<\/a>, de lunes a viernes de las 9:00 a las 19:00 horas, en d\u00edas h\u00e1biles, seg\u00fan corresponda. <\/p>\n<p> Usted tendr\u00e1 en todo momento el acceso a sus Datos Personales, ya sea para solicitar su rectificaci\u00f3n, cancelaci\u00f3n, oposici\u00f3n o revocar su consentimiento, de conformidad con lo dispuesto en la Ley (los <strong>&#8220;Derechos ARCO&#8221;<\/strong>), en forma escrita o electr\u00f3nica. Deber\u00e1 dirigir su solicitud con atenci\u00f3n al \u00e1rea legal de VIRKET al siguiente domicilio: Prol. Paseo de la Reforma 1015 Piso 7, colonia Santa Fe, Cuajimalpa, Ciudad de M\u00e9xico, Alcald\u00eda Cuajimalpa de Morelos, C.P. 05349, Ciudad de M\u00e9xico, M\u00e9xico; o bien, a la direcci\u00f3n electr\u00f3nica <a href=\"mailto:legal@virket.com\">legal@virket.com<\/a>. <\/p>\n<p>A dicha solicitud deber\u00e1 acompa\u00f1ar lo siguiente:<\/p>\n<ol type=\"a\">\n<li>Fotograf\u00eda o scan de su identificaci\u00f3n oficial con fotograf\u00eda y firma aut\u00f3grafa; o bien, si act\u00faa en representaci\u00f3n de alguien, adjuntar tambi\u00e9n copia del poder notarizado y\/o registrado ante el Registro P\u00fablico correspondiente y, en su caso, el acta constitutiva.<\/li>\n<li>Scan o fotograf\u00eda de un comprobante de domicilio.<\/li>\n<\/ol>\n<p>En el escrito Usted deber\u00e1:<\/p>\n<ol type=\"i\">\n<li>Se\u00f1alar su nombre o raz\u00f3n social y proporcionar un domicilio f\u00edsico para el despacho de la respuesta, comunicaciones y documentaci\u00f3n.<\/li>\n<li>Hacernos saber los Datos Personales a los que Usted desea acceder, o desea que sean rectificados, cancelados, revisados, as\u00ed como para oponerse al tratamiento o revocar su consentimiento.<\/li>\n<li>Manifestar si conoce o recuerda el prop\u00f3sito para el cual los aport\u00f3 y el nombre del Responsable a quien se los entreg\u00f3.<\/li>\n<li>Establecer de manera clara, respetuosa y concisa su petici\u00f3n, as\u00ed como manifestar cualquier otra informaci\u00f3n o documento que facilite la localizaci\u00f3n de sus Datos Personales.<\/li>\n<\/ol>\n<p> El Responsable contar\u00e1 con un plazo de veinte d\u00edas, contados a partir de recibida la solicitud, para resolverla o requerirle mayor informaci\u00f3n. En caso de que su petici\u00f3n resulte procedente, porque Usted acredit\u00f3 su personalidad y sus Datos Personales pudieron encontrarse en nuestra base de datos, en un lapso no mayor a quince d\u00edas se proceder\u00e1 a su ejecuci\u00f3n. El Responsable le mantendr\u00e1 informado del proceso en todo momento que Usted lo solicite. <\/p>\n<p> La respuesta y el acceso a sus Datos, as\u00ed como los documentos de soporte, se le podr\u00e1n entregar, previo acreditamiento de identidad y\/o personalidad, a trav\u00e9s de copias certificadas por el Comit\u00e9 y su representante legal, documentos electr\u00f3nicos o copias simples. Siempre que la solicitud se haga a trav\u00e9s de medios electr\u00f3nicos, se dar\u00e1 preferencia a dichos medios para el env\u00edo de respuestas y resoluciones. <\/p>\n<p> En el caso de que el Responsable requiera usar sus Datos Personales con fines diferentes a los se\u00f1alados en el presente Aviso de Privacidad, contactar\u00e1 con Usted ya sea en forma escrita, telef\u00f3nica, electr\u00f3nica, o por cualquier medio \u00f3ptico, sonoro, visual u otro que la tecnolog\u00eda permita ahora o en lo futuro, y le explicar\u00e1 los nuevos usos que pretenda darle a dicha informaci\u00f3n a fin de recabar su consentimiento. <\/p>\n<h2>Modificaci\u00f3n<\/h2>\n<p>Cualquier modificaci\u00f3n a este aviso de privacidad podr\u00e1 consultarla en esta misma p\u00e1gina.<\/p>\n<p><em>\u00daltima actualizaci\u00f3n: 3 de agosto de 2023.<\/em><\/p>\n<hr>\n<p style=\"text-align:center;\"> <strong>INCREASE VISIBILITY M\u00c9XICO, S. DE R.L. DE C.V.<\/strong>  <\/p>\n<\/article>\n","protected":false},"excerpt":{"rendered":"<p>Aviso de Privacidad Increase Visibility M\u00e9xico, S. de R.L. de C.V., en lo sucesivo &#8220;VIRKET&#8221;, con domicilio en Prol. Paseo de la Reforma 1015 Piso 7, colonia Santa Fe, Cuajimalpa, Ciudad de M\u00e9xico, Alcald\u00eda Cuajimalpa de Morelos, C.P. 05349, Ciudad de M\u00e9xico, M\u00e9xico, es responsable de recabar sus datos personales, del uso que se le [&hellip;]<\/p>\n","protected":false},"author":4,"featured_media":0,"parent":0,"menu_order":0,"comment_status":"closed","ping_status":"closed","template":"","meta":{"footnotes":""},"class_list":["post-3","page","type-page","status-publish","hentry"],"yoast_head":"<!-- This site is optimized with the Yoast SEO plugin v27.3 - https:\/\/yoast.com\/product\/yoast-seo-wordpress\/ -->\n<title>Pol\u00edtica de Privacidad<\/title>\n<meta name=\"description\" content=\"De conformidad con lo previsto en la LFPDPPP nos permitimos solicitarle leer cuidadosamente los T\u00e9rminos y Condiciones de Aviso de Privacidad\" \/>\n<meta name=\"robots\" content=\"index, follow, max-snippet:-1, max-image-preview:large, max-video-preview:-1\" \/>\n<link rel=\"canonical\" href=\"https:\/\/virket.com\/es\/aviso-de-privacidad\/\" \/>\n<meta property=\"og:locale\" content=\"es_MX\" \/>\n<meta property=\"og:locale:alternate\" content=\"en_US\" \/>\n<meta property=\"og:type\" content=\"article\" \/>\n<meta property=\"og:title\" content=\"Pol\u00edtica de Privacidad\" \/>\n<meta property=\"og:description\" content=\"De conformidad con lo previsto en la LFPDPPP nos permitimos solicitarle leer cuidadosamente los T\u00e9rminos y Condiciones de Aviso de Privacidad\" \/>\n<meta property=\"og:url\" content=\"https:\/\/virket.com\/es\/aviso-de-privacidad\/\" \/>\n<meta property=\"og:site_name\" content=\"Virket\" \/>\n<meta property=\"article:publisher\" content=\"https:\/\/www.facebook.com\/grupovirket\/\" \/>\n<meta property=\"article:modified_time\" content=\"2026-04-01T20:55:42+00:00\" \/>\n<meta name=\"twitter:card\" content=\"summary_large_image\" \/>\n<meta name=\"twitter:label1\" content=\"Tiempo de lectura\" \/>\n\t<meta name=\"twitter:data1\" content=\"7 minutos\" \/>\n<script type=\"application\/ld+json\" class=\"yoast-schema-graph\">{\"@context\":\"https:\\\/\\\/schema.org\",\"@graph\":[{\"@type\":\"WebPage\",\"@id\":\"https:\\\/\\\/virket.com\\\/aviso-de-privacidad\\\/\",\"url\":\"https:\\\/\\\/virket.com\\\/aviso-de-privacidad\\\/\",\"name\":\"Pol\u00edtica de Privacidad\",\"isPartOf\":{\"@id\":\"https:\\\/\\\/virket.com\\\/#website\"},\"datePublished\":\"2018-10-25T21:25:12+00:00\",\"dateModified\":\"2026-04-01T20:55:42+00:00\",\"description\":\"De conformidad con lo previsto en la LFPDPPP nos permitimos solicitarle leer cuidadosamente los T\u00e9rminos y Condiciones de Aviso de Privacidad\",\"breadcrumb\":{\"@id\":\"https:\\\/\\\/virket.com\\\/aviso-de-privacidad\\\/#breadcrumb\"},\"inLanguage\":\"es-MX\",\"potentialAction\":[{\"@type\":\"ReadAction\",\"target\":[\"https:\\\/\\\/virket.com\\\/aviso-de-privacidad\\\/\"]}]},{\"@type\":\"BreadcrumbList\",\"@id\":\"https:\\\/\\\/virket.com\\\/aviso-de-privacidad\\\/#breadcrumb\",\"itemListElement\":[{\"@type\":\"ListItem\",\"position\":1,\"name\":\"Home\",\"item\":\"https:\\\/\\\/virket.com\\\/\"},{\"@type\":\"ListItem\",\"position\":2,\"name\":\"Pol\u00edtica de Privacidad\"}]},{\"@type\":\"WebSite\",\"@id\":\"https:\\\/\\\/virket.com\\\/#website\",\"url\":\"https:\\\/\\\/virket.com\\\/\",\"name\":\"Virket Group\",\"description\":\"\",\"potentialAction\":[{\"@type\":\"SearchAction\",\"target\":{\"@type\":\"EntryPoint\",\"urlTemplate\":\"https:\\\/\\\/virket.com\\\/?s={search_term_string}\"},\"query-input\":{\"@type\":\"PropertyValueSpecification\",\"valueRequired\":true,\"valueName\":\"search_term_string\"}}],\"inLanguage\":\"es-MX\"}]}<\/script>\n<!-- \/ Yoast SEO plugin. -->","yoast_head_json":{"title":"Pol\u00edtica de Privacidad","description":"De conformidad con lo previsto en la LFPDPPP nos permitimos solicitarle leer cuidadosamente los T\u00e9rminos y Condiciones de Aviso de Privacidad","robots":{"index":"index","follow":"follow","max-snippet":"max-snippet:-1","max-image-preview":"max-image-preview:large","max-video-preview":"max-video-preview:-1"},"canonical":"https:\/\/virket.com\/es\/aviso-de-privacidad\/","og_locale":"es_MX","og_type":"article","og_title":"[:en]Pol\u00edtica de Privacidad[:es]Pol\u00edtica de Privacidad[:] - Virket","og_description":"[:es]De conformidad con lo previsto en la LFPDPPP nos permitimos solicitarle leer cuidadosamente los T\u00e9rminos y Condiciones de Aviso de Privacidad[:]","og_url":"https:\/\/virket.com\/es\/aviso-de-privacidad\/","og_site_name":"Virket","article_publisher":"https:\/\/www.facebook.com\/grupovirket\/","article_modified_time":"2026-04-01T20:55:42+00:00","twitter_card":"summary_large_image","twitter_misc":{"Tiempo de lectura":"7 minutos"},"schema":{"@context":"https:\/\/schema.org","@graph":[{"@type":"WebPage","@id":"https:\/\/virket.com\/aviso-de-privacidad\/","url":"https:\/\/virket.com\/aviso-de-privacidad\/","name":"Pol\u00edtica de Privacidad","isPartOf":{"@id":"https:\/\/virket.com\/#website"},"datePublished":"2018-10-25T21:25:12+00:00","dateModified":"2026-04-01T20:55:42+00:00","description":"De conformidad con lo previsto en la LFPDPPP nos permitimos solicitarle leer cuidadosamente los T\u00e9rminos y Condiciones de Aviso de Privacidad","breadcrumb":{"@id":"https:\/\/virket.com\/aviso-de-privacidad\/#breadcrumb"},"inLanguage":"es-MX","potentialAction":[{"@type":"ReadAction","target":["https:\/\/virket.com\/aviso-de-privacidad\/"]}]},{"@type":"BreadcrumbList","@id":"https:\/\/virket.com\/aviso-de-privacidad\/#breadcrumb","itemListElement":[{"@type":"ListItem","position":1,"name":"Home","item":"https:\/\/virket.com\/"},{"@type":"ListItem","position":2,"name":"Pol\u00edtica de Privacidad"}]},{"@type":"WebSite","@id":"https:\/\/virket.com\/#website","url":"https:\/\/virket.com\/","name":"Virket Group","description":"","potentialAction":[{"@type":"SearchAction","target":{"@type":"EntryPoint","urlTemplate":"https:\/\/virket.com\/?s={search_term_string}"},"query-input":{"@type":"PropertyValueSpecification","valueRequired":true,"valueName":"search_term_string"}}],"inLanguage":"es-MX"}]}},"_links":{"self":[{"href":"https:\/\/virket.com\/es\/wp-json\/wp\/v2\/pages\/3","targetHints":{"allow":["GET"]}}],"collection":[{"href":"https:\/\/virket.com\/es\/wp-json\/wp\/v2\/pages"}],"about":[{"href":"https:\/\/virket.com\/es\/wp-json\/wp\/v2\/types\/page"}],"author":[{"embeddable":true,"href":"https:\/\/virket.com\/es\/wp-json\/wp\/v2\/users\/4"}],"replies":[{"embeddable":true,"href":"https:\/\/virket.com\/es\/wp-json\/wp\/v2\/comments?post=3"}],"version-history":[{"count":24,"href":"https:\/\/virket.com\/es\/wp-json\/wp\/v2\/pages\/3\/revisions"}],"predecessor-version":[{"id":710,"href":"https:\/\/virket.com\/es\/wp-json\/wp\/v2\/pages\/3\/revisions\/710"}],"wp:attachment":[{"href":"https:\/\/virket.com\/es\/wp-json\/wp\/v2\/media?parent=3"}],"curies":[{"name":"wp","href":"https:\/\/api.w.org\/{rel}","templated":true}]}}