{"id":5,"date":"2018-10-25T15:27:57","date_gmt":"2018-10-25T21:27:57","guid":{"rendered":"\/\/virket.com\/?page_id=5"},"modified":"2026-04-01T14:42:22","modified_gmt":"2026-04-01T20:42:22","slug":"home","status":"publish","type":"page","link":"https:\/\/virket.com\/es\/","title":{"rendered":"Home"},"content":{"rendered":"<p><!-- Inicia Header--><\/p>\n<header class=\"hero\">\n<div class=\"video-vkt\"><video src=\"https:\/\/virket.com\/wp-content\/themes\/Virket\/img\/bg-video-mobile.mp4\" autoplay=\"autoplay\" loop=\"loop\" muted=\"muted\" width=\"0\" height=\"150\"><br \/>\n<\/video><\/div>\n<div class=\"container text-center\">\n<div class=\"row\">\n<div class=\"col-lg-10 offset-lg-1\">\n<div class=\"header-content\">\n<div class=\"headline\">\n<h1 data-aos=\"zoom-out\">Trabajamos en democratizar la tecnolog\u00eda digital a escala para ayudar a los negocios locales a crecer<\/h1>\n<\/div>\n<\/div>\n<\/div>\n<\/div>\n<\/div>\n<div id=\"bunits\"><\/div>\n<\/header>\n<p><!-- Inicia Secci\u00f3n B.Units--><\/p>\n<section class=\"bunits\">\n<div class=\"container\">\n<div class=\"row row-flex\">\n<div class=\"col-md-4 text-center\">\n<div class=\"bunits-cards\">\n<div class=\"bunits-logo bunits-logo-agency\"><\/div>\n<div class=\"bunits-text\" data-aos=\"fade-in\">\n<p class=\"text-center\">Conectamos a las marcas con su consumidor local a trav\u00e9s de marketing digital de resultados<\/p>\n<\/div>\n<p><a href=\"agency\"><button class=\"btn btn-outline btn-agency\" type=\"button\" data-aos=\"fade-in\">VER M\u00c1S<\/button><\/a><\/p>\n<\/div>\n<\/div>\n<div class=\"col-md-4 text-center\">\n<div class=\"bunits-cards\">\n<div class=\"bunits-logo bunits-logo-boxx\"><\/div>\n<div class=\"bunits-text\" data-aos=\"fade-in\">\n<p class=\"text-center\">Ayudamos a empresas a digitalizar sus Pymes o Fuerza de Ventas con plataformas SaaS integradas<\/p>\n<\/div>\n<p><a href=\"boxx\"><button class=\"btn btn-outline btn-boxx\" type=\"button\" data-aos=\"fade-in\">VER M\u00c1S<\/button><\/a><\/p>\n<\/div>\n<\/div>\n<div class=\"col-md-4 text-center\">\n<div class=\"bunits-cards\">\n<div class=\"bunits-logo bunits-logo-local\"><\/div>\n<div class=\"bunits-text\" data-aos=\"fade-in\">\n<p>Habilitamos empresas que atienden Pymes a monetizarlas y reternerlas con servicios SwaS digitales<\/p>\n<\/div>\n<p><a href=\"local\"><button class=\"btn btn-outline btn-local\" type=\"button\" data-aos=\"fade-in\">VER M\u00c1S<\/button><\/a><\/p>\n<\/div>\n<\/div>\n<\/div>\n<\/div>\n<\/section>\n<p><!-- Inicia Secci\u00f3n Estad\u00edsticas--><\/p>\n<section class=\"stats\">\n<div class=\"container text-center\">\n<div class=\"section-title mb-5\">Digitalizaci\u00f3n a Escala<\/div>\n<div class=\"row\">\n<div class=\"col-md-3 text-center mb-5 mb-md-0\"><i class=\"fas fa-laptop\"><\/i><\/p>\n<div class=\"num\">+<span data-counter=\"200\">0<\/span>k<\/div>\n<div class=\"text\">Sitios Web Desarrollados<\/div>\n<\/div>\n<div class=\"col-md-3 text-center mb-5 mb-md-0\"><i class=\"fas fa-tachometer-alt\"><\/i><\/p>\n<div class=\"num\">+<span data-counter=\"25\">0<\/span>K<\/div>\n<div class=\"text\">Campa\u00f1as Administradas<\/div>\n<\/div>\n<div class=\"col-md-3 text-center mb-5 mb-md-0\"><i class=\"fas fa-code\"><\/i><\/p>\n<div class=\"num\">+<span data-counter=\"200\">0<\/span>K<\/div>\n<div class=\"text\">Dashboards Creados<\/div>\n<\/div>\n<div class=\"col-md-3 text-center mb-5 mb-md-0\"><i class=\"fas fa-mobile-alt\"><\/i><\/p>\n<div class=\"num\">+<span data-counter=\"150\">0<\/span>K<\/div>\n<div class=\"text\">Apps M\u00f3viles Descargadas<\/div>\n<\/div>\n<\/div>\n<\/div>\n<\/section>\n<p><!-- Inicia Secci\u00f3n Agency--><\/p>\n<section id=\"section-agency\">\n<div class=\"container\">\n<div class=\"row\">\n<div class=\"col-lg-7 order-lg-2 mb-5 mb-lg-0\"><img decoding=\"async\" class=\"img-fluid\" src=\"https:\/\/virket.com\/wp-content\/uploads\/2018\/10\/agency1.jpg\" alt=\"video-cover\" \/><\/div>\n<div class=\"col-lg-5 pr-lg-5 \"><img decoding=\"async\" class=\"logo\" src=\"https:\/\/virket.com\/wp-content\/themes\/Virket\/img\/logo-agency.svg\" alt=\"\" \/><\/p>\n<div class=\"h4 \">Servicios de marketing digital a la medida con activaci\u00f3n local a gran escala orientados resultados de negocio<\/div>\n<div class=\"h5 \">Solutions<\/div>\n<ul class=\"list-unstyled mb-sm-5 \">\n<li>Performance Marketing<\/li>\n<li>Marketing Digital para ventas Multi-Location<\/li>\n<li>Marketing Digital para Franquicias<\/li>\n<\/ul>\n<div class=\"row \">\n<div class=\"col-sm-6 \"><a class=\"btn btn-outline btn-agency btn-block \" href=\"agency \">VER M\u00c1S<\/a><\/div>\n<\/div>\n<\/div>\n<\/div>\n<\/div>\n<\/section>\n<p><!-- Inicia Secci\u00f3n Box--><\/p>\n<section id=\"section-boxx\">\n<div class=\"container \">\n<div class=\"row \">\n<div class=\"col-lg-7 mb-5 mb-lg-0 \"><img decoding=\"async\" class=\"img-fluid \" src=\"https:\/\/virket.com\/wp-content\/uploads\/2018\/10\/boxx1.jpg \" alt=\"video cover \" \/><\/div>\n<div class=\"col-lg-5 pl-lg-5 \"><img decoding=\"async\" class=\"logo \" src=\"https:\/\/virket.com\/wp-content\/themes\/Virket\/img\/logo-boxx.svg \" alt=\" \" \/><\/p>\n<div class=\"h4 \">Soluciones \u201ctodo-en-uno\u201d en la nube y m\u00f3viles para ayudar<br \/>\na empresas que operan via una red de Pymes o distribuidores de ventas a que estas crescan, administren y monitoreen su desempe\u00f1o con herramientas DIY<\/div>\n<div class=\"h5 \">Solutions<\/div>\n<ul class=\"list-unstyled mb-sm-5 \">\n<li>DASH: Plataforma Digital para Pymes<\/li>\n<li>Soluciones Digitales por Industria<\/li>\n<li>Servicios de Transformaci\u00f3n Digital<\/li>\n<\/ul>\n<div class=\"row \">\n<div class=\"col-sm-6 \"><a class=\"btn btn-outline btn-boxx btn-block \" href=\"boxx \">VER M\u00c1S<\/a><\/div>\n<\/div>\n<\/div>\n<\/div>\n<\/div>\n<\/section>\n<p><!-- Inicia Secci\u00f3n Local--><\/p>\n<section id=\"section-local\">\n<div class=\"container \">\n<div class=\"row \">\n<div class=\"col-lg-7 order-lg-2 mb-5 mb-lg-0\"><img decoding=\"async\" class=\"img-fluid\" src=\"https:\/\/virket.com\/wp-content\/uploads\/2018\/10\/local1.jpg\" alt=\"video cover\" \/><\/div>\n<div class=\"col-lg-5 pr-lg-5\"><img decoding=\"async\" class=\"logo\" src=\"https:\/\/virket.com\/wp-content\/themes\/Virket\/img\/logo-local.svg\" alt=\"\" \/><\/p>\n<div class=\"h4 \">Servicios administrados DIFM escalables y white-label para generar valor agregado digital a<br \/>\nnuestros partners y crecimiento a las Pymes<\/div>\n<div class=\"h5 \">Solutions<\/div>\n<ul class=\"list-unstyled mb-sm-5\">\n<li>Servicios DIFM de Marketing Local<\/li>\n<li>Servicio de Cadena de Valor E2E &#038; WL<\/li>\n<li>Servicio de Migraciones y Consultor\u00eda<\/li>\n<\/ul>\n<div class=\"row \">\n<div class=\"col-sm-6 \"><a class=\"btn btn-outline btn-local btn-block \" href=\"local \">VER M\u00c1S<\/a><\/div>\n<\/div>\n<\/div>\n<\/div>\n<\/div>\n<\/section>\n<p><!-- Inicia Secci\u00f3n Clients--><\/p>\n<section id=\"clients\">\n<div class=\"container text-center\">\n<div class=\"section-title alga mb-5\">Clientes Atendidos<\/div>\n<\/div>\n<div class=\"container-fluid\">\n<div id=\"carouselClients\" class=\"owl-carousel\">\n<div><img decoding=\"async\" src=\"https:\/\/virket.com\/wp-content\/themes\/Virket\/img\/clientes\/amazon_logo.jpg\" alt=\"\" \/><\/div>\n<div><img decoding=\"async\" src=\"https:\/\/virket.com\/wp-content\/themes\/Virket\/img\/clientes\/aspel_logo.jpg\" alt=\"\" \/><\/div>\n<div><img decoding=\"async\" src=\"https:\/\/virket.com\/wp-content\/themes\/Virket\/img\/clientes\/axa_logo.jpg\" alt=\"\" \/><\/div>\n<div><img decoding=\"async\" src=\"https:\/\/virket.com\/wp-content\/themes\/Virket\/img\/clientes\/claro_logo.jpg\" alt=\"\" \/><\/div>\n<div><img decoding=\"async\" src=\"https:\/\/virket.com\/wp-content\/themes\/Virket\/img\/clientes\/contpaq_logo.jpg\" alt=\"\" \/><\/div>\n<div><img decoding=\"async\" src=\"https:\/\/virket.com\/wp-content\/themes\/Virket\/img\/clientes\/entravision_logo.jpg\" alt=\"\" \/><\/div>\n<div><img decoding=\"async\" src=\"https:\/\/virket.com\/wp-content\/themes\/Virket\/img\/clientes\/etn_logo.jpg\" alt=\"\" \/><\/div>\n<div><img decoding=\"async\" src=\"https:\/\/virket.com\/wp-content\/themes\/Virket\/img\/clientes\/fedex_logo.jpg\" alt=\"\" \/><\/div>\n<div><img decoding=\"async\" src=\"https:\/\/virket.com\/wp-content\/themes\/Virket\/img\/clientes\/genomma_logo.jpg\" alt=\"\" \/><\/div>\n<div><img decoding=\"async\" src=\"https:\/\/virket.com\/wp-content\/themes\/Virket\/img\/clientes\/gnp_logo.jpg\" alt=\" \" \/><\/div>\n<div><img decoding=\"async\" src=\"https:\/\/virket.com\/wp-content\/themes\/Virket\/img\/clientes\/godaddy_logo.jpg\" alt=\"\" \/><\/div>\n<div><img decoding=\"async\" src=\"https:\/\/virket.com\/wp-content\/themes\/Virket\/img\/clientes\/ingram_logo.jpg\" alt=\"\" \/><\/div>\n<div><img decoding=\"async\" src=\"https:\/\/virket.com\/wp-content\/themes\/Virket\/img\/clientes\/innova_logo.jpg\" alt=\"\" \/><\/div>\n<div><img decoding=\"async\" src=\"https:\/\/virket.com\/wp-content\/themes\/Virket\/img\/clientes\/itam_logo.jpg\" alt=\" \" \/><\/div>\n<div><img decoding=\"async\" src=\"https:\/\/virket.com\/wp-content\/themes\/Virket\/img\/clientes\/iusacell_logo.jpg\" alt=\"\" \/><\/div>\n<div><img decoding=\"async\" src=\"https:\/\/virket.com\/wp-content\/themes\/Virket\/img\/clientes\/kia_logo.jpg\" alt=\"\" \/><\/div>\n<div><img decoding=\"async\" src=\"https:\/\/virket.com\/wp-content\/themes\/Virket\/img\/clientes\/lacare_logo.jpg \" alt=\"\" \/><\/div>\n<div><img decoding=\"async\" src=\"https:\/\/virket.com\/wp-content\/themes\/Virket\/img\/clientes\/nissan_logo.jpg\" alt=\"\" \/><\/div>\n<div><img decoding=\"async\" src=\"https:\/\/virket.com\/wp-content\/themes\/Virket\/img\/clientes\/omnilife_logo.jpg\" alt=\"\" \/><\/div>\n<div><img decoding=\"async\" src=\"https:\/\/virket.com\/wp-content\/themes\/Virket\/img\/clientes\/posadas_logo.jpg\" alt=\"\" \/><\/div>\n<div><img decoding=\"async\" src=\"https:\/\/virket.com\/wp-content\/themes\/Virket\/img\/clientes\/sanborns_logo.jpg\" alt=\"\" \/><\/div>\n<div><img decoding=\"async\" src=\"https:\/\/virket.com\/wp-content\/themes\/Virket\/img\/clientes\/seccion_logo.jpg\" alt=\"\" \/><\/div>\n<div><img decoding=\"async\" src=\"https:\/\/virket.com\/wp-content\/themes\/Virket\/img\/clientes\/telmex_logo.jpg\" alt=\"\" \/><\/div>\n<div><img decoding=\"async\" src=\"https:\/\/virket.com\/wp-content\/themes\/Virket\/img\/clientes\/toyota_logo.jpg\" alt=\"\" \/><\/div>\n<div><img decoding=\"async\" src=\"https:\/\/virket.com\/wp-content\/themes\/Virket\/img\/clientes\/volaris_logo.jpg\" alt=\"\" \/><\/div>\n<\/div>\n<\/div>\n<\/section>\n<p><!-- Inicia Secci\u00f3n About Us--><\/p>\n<section id=\"about\">\n<div class=\"container\">\n<div class=\"row text-center\">\n<div class=\"col-sm-8 offset-sm-2\">\n<div class=\"section-title alga mb-4\">About Us<\/div>\n<p>VIRKET es una compa\u00f1\u00eda l\u00edder en tecnolog\u00eda y servicios que genera crecimiento para negocios locales a escala.<br \/>\nCon m\u00e1s de 500,000 soluciones digitales entregadas en m\u00e1s de 20 paises, VIRKET tiene una s\u00f3lida trayectoria probada desde 2009 en digitalizar exitosamente al ecosistema de pymes y negocios locales a lo largo del mercado Hispano en EEUU y Latino Am\u00e9rica a trav\u00e9s de una red de aliados comerciales en varios sectores.<\/p>\n<\/div>\n<\/div>\n<\/div>\n<\/section>\n<p><!-- Inicia Secci\u00f3n Certifications--><\/p>\n<section id=\"awards\">\n<div class=\"container text-center\">\n<div class=\"section-title alga mb-5\">Premios y Certificaciones<\/div>\n<\/div>\n<div class=\"container-fluid\">\n<div id=\"carouselAwards\" class=\"owl-carousel\">\n<div><img decoding=\"async\" src=\"https:\/\/virket.com\/wp-content\/themes\/Virket\/img\/awards\/01.jpg\" alt=\"\" \/><\/div>\n<div><img decoding=\"async\" src=\"https:\/\/virket.com\/wp-content\/themes\/Virket\/img\/awards\/02.jpg\" alt=\"\" \/><\/div>\n<div><img decoding=\"async\" src=\"https:\/\/virket.com\/wp-content\/themes\/Virket\/img\/awards\/03.jpg\" alt=\"\" \/><\/div>\n<div><img decoding=\"async\" src=\"https:\/\/virket.com\/wp-content\/themes\/Virket\/img\/awards\/04.jpg\" alt=\"\" \/><\/div>\n<div><img decoding=\"async\" src=\"https:\/\/virket.com\/wp-content\/themes\/Virket\/img\/awards\/05.jpg\" alt=\"\" \/><\/div>\n<div><img decoding=\"async\" src=\"https:\/\/virket.com\/wp-content\/themes\/Virket\/img\/awards\/06.jpg\" alt=\"\" \/><\/div>\n<div><img decoding=\"async\" src=\"https:\/\/virket.com\/wp-content\/themes\/Virket\/img\/awards\/07.jpg\" alt=\"\" \/><\/div>\n<div><img decoding=\"async\" src=\"https:\/\/virket.com\/wp-content\/themes\/Virket\/img\/awards\/08.jpg\" alt=\"\" \/><\/div>\n<div><img decoding=\"async\" src=\"https:\/\/virket.com\/wp-content\/themes\/Virket\/img\/awards\/09.jpg\" alt=\"\" \/><\/div>\n<div><img decoding=\"async\" src=\"https:\/\/virket.com\/wp-content\/themes\/Virket\/img\/awards\/10.jpg\" alt=\"\" \/><\/div>\n<div><img decoding=\"async\" src=\"https:\/\/virket.com\/wp-content\/themes\/Virket\/img\/awards\/11.jpg\" alt=\"\" \/><\/div>\n<div><img decoding=\"async\" src=\"https:\/\/virket.com\/wp-content\/themes\/Virket\/img\/awards\/12.jpg\" alt=\"\" \/><\/div>\n<div><img decoding=\"async\" src=\"https:\/\/virket.com\/wp-content\/themes\/Virket\/img\/awards\/13.jpg\" alt=\"\" \/><\/div>\n<\/div>\n<\/div>\n<\/section>\n<p><!-- Inicia Secci\u00f3n Contact Us--><\/p>\n<section id=\"contact\">\n<div class=\"container\">\n<div class=\"text-center\">\n<div class=\"section-title alga mb-5\">Contacto Comercial<\/div>\n<\/div>\n<div class=\"row\">\n<div class=\"col-lg-8 mb-5 mb-lg-0\"><\/div>\n<div class=\"col-lg-4\">\n<div class=\"row\">\n<div class=\"col-xs-12 col-sm-6 col-sm-6 col-lg-12\">\n<div class=\"address\">\n<div class=\"h4\"><i class=\"fas fa-map-marker-alt\"><\/i> Contacto de Ventas<\/div>\n<div class=\"address-info\">Prol. Paseo de la Reforma 1015 Piso 7,<br \/>\nSanta Fe, Cuajimalpa, CDMX, 05348, M\u00e9xico.<br \/>\nTel: +52 (55) 5292 7056<\/div>\n<\/div>\n<\/div>\n<div class=\"col-xs-12 col-sm-6 col-sm-6 col-lg-12\">\n<div class=\"address\">\n<div class=\"h4\"><i class=\"far fa-flag\"><\/i> Relaciones con inversionistas y prensa<\/div>\n<div class=\"address-info\"><a href=\"mailto:partners@virket.com\">Email: partners@virket.com<\/a><\/div>\n<\/div>\n<\/div>\n<\/div>\n<\/div>\n<\/div>\n<\/div>\n<\/section>\n<p><!-- Map--><\/p>\n<div id=\"map\"><\/div>\n<style>\n#main p {<br \/>\nmargin: 0px;<br \/>\n}<br \/>\nsection p {<br \/>\nmargin-bottom: 1rem!important;<br \/>\n}<br \/>\n<\/style>\n","protected":false},"excerpt":{"rendered":"<p>Trabajamos en democratizar la tecnolog\u00eda digital a escala para ayudar a los negocios locales a crecer Conectamos a las marcas con su consumidor local a trav\u00e9s de marketing digital de resultados VER M\u00c1S Ayudamos a empresas a digitalizar sus Pymes o Fuerza de Ventas con plataformas SaaS integradas VER M\u00c1S Habilitamos empresas que atienden Pymes [&hellip;]<\/p>\n","protected":false},"author":4,"featured_media":0,"parent":0,"menu_order":0,"comment_status":"closed","ping_status":"closed","template":"","meta":{"footnotes":""},"class_list":["post-5","page","type-page","status-publish","hentry"],"yoast_head":"<!-- This site is optimized with the Yoast SEO plugin v27.3 - https:\/\/yoast.com\/product\/yoast-seo-wordpress\/ -->\n<title>Home<\/title>\n<meta name=\"robots\" content=\"index, follow, max-snippet:-1, max-image-preview:large, max-video-preview:-1\" \/>\n<link rel=\"canonical\" href=\"https:\/\/virket.com\/es\/\" \/>\n<meta property=\"og:locale\" content=\"es_MX\" \/>\n<meta property=\"og:locale:alternate\" content=\"en_US\" \/>\n<meta property=\"og:type\" content=\"article\" \/>\n<meta property=\"og:title\" content=\"Home\" \/>\n<meta property=\"og:description\" content=\"Trabajamos en democratizar la tecnolog\u00eda digital a escala para ayudar a los negocios locales a crecer Conectamos a las marcas con su consumidor local a trav\u00e9s de marketing digital de resultados VER M\u00c1S Ayudamos a empresas a digitalizar sus Pymes o Fuerza de Ventas con plataformas SaaS integradas VER M\u00c1S Habilitamos empresas que atienden Pymes [&hellip;]\" \/>\n<meta property=\"og:url\" content=\"https:\/\/virket.com\/es\/\" \/>\n<meta property=\"og:site_name\" content=\"Virket\" \/>\n<meta property=\"article:publisher\" content=\"https:\/\/www.facebook.com\/grupovirket\/\" \/>\n<meta property=\"article:modified_time\" content=\"2026-04-01T20:42:22+00:00\" \/>\n<meta property=\"og:image\" content=\"https:\/\/virket.com\/wp-content\/uploads\/2018\/10\/agency1.jpg\" \/>\n<meta name=\"twitter:card\" content=\"summary_large_image\" \/>\n<meta name=\"twitter:label1\" content=\"Tiempo de lectura\" \/>\n\t<meta name=\"twitter:data1\" content=\"2 minutos\" \/>\n<script type=\"application\/ld+json\" class=\"yoast-schema-graph\">{\"@context\":\"https:\\\/\\\/schema.org\",\"@graph\":[{\"@type\":\"WebPage\",\"@id\":\"https:\\\/\\\/virket.com\\\/\",\"url\":\"https:\\\/\\\/virket.com\\\/\",\"name\":\"Home\",\"isPartOf\":{\"@id\":\"https:\\\/\\\/virket.com\\\/#website\"},\"primaryImageOfPage\":{\"@id\":\"https:\\\/\\\/virket.com\\\/#primaryimage\"},\"image\":{\"@id\":\"https:\\\/\\\/virket.com\\\/#primaryimage\"},\"thumbnailUrl\":\"https:\\\/\\\/virket.com\\\/wp-content\\\/uploads\\\/2018\\\/10\\\/agency1.jpg\",\"datePublished\":\"2018-10-25T21:27:57+00:00\",\"dateModified\":\"2026-04-01T20:42:22+00:00\",\"breadcrumb\":{\"@id\":\"https:\\\/\\\/virket.com\\\/#breadcrumb\"},\"inLanguage\":\"es-MX\",\"potentialAction\":[{\"@type\":\"ReadAction\",\"target\":[\"https:\\\/\\\/virket.com\\\/\"]}]},{\"@type\":\"ImageObject\",\"inLanguage\":\"es-MX\",\"@id\":\"https:\\\/\\\/virket.com\\\/#primaryimage\",\"url\":\"https:\\\/\\\/virket.com\\\/wp-content\\\/uploads\\\/2018\\\/10\\\/agency1.jpg\",\"contentUrl\":\"https:\\\/\\\/virket.com\\\/wp-content\\\/uploads\\\/2018\\\/10\\\/agency1.jpg\"},{\"@type\":\"BreadcrumbList\",\"@id\":\"https:\\\/\\\/virket.com\\\/#breadcrumb\",\"itemListElement\":[{\"@type\":\"ListItem\",\"position\":1,\"name\":\"Home\",\"item\":\"https:\\\/\\\/virket.com\\\/\"},{\"@type\":\"ListItem\",\"position\":2,\"name\":\"Home\"}]},{\"@type\":\"WebSite\",\"@id\":\"https:\\\/\\\/virket.com\\\/#website\",\"url\":\"https:\\\/\\\/virket.com\\\/\",\"name\":\"Virket Group\",\"description\":\"\",\"potentialAction\":[{\"@type\":\"SearchAction\",\"target\":{\"@type\":\"EntryPoint\",\"urlTemplate\":\"https:\\\/\\\/virket.com\\\/?s={search_term_string}\"},\"query-input\":{\"@type\":\"PropertyValueSpecification\",\"valueRequired\":true,\"valueName\":\"search_term_string\"}}],\"inLanguage\":\"es-MX\"}]}<\/script>\n<!-- \/ Yoast SEO plugin. -->","yoast_head_json":{"title":"Home","robots":{"index":"index","follow":"follow","max-snippet":"max-snippet:-1","max-image-preview":"max-image-preview:large","max-video-preview":"max-video-preview:-1"},"canonical":"https:\/\/virket.com\/es\/","og_locale":"es_MX","og_type":"article","og_title":"[:en]Home[:es]Home[:] - Virket","og_description":"Trabajamos en democratizar la tecnolog\u00eda digital a escala para ayudar a los negocios locales a crecer Conectamos a las marcas con su consumidor local a trav\u00e9s de marketing digital de resultados VER M\u00c1S Ayudamos a empresas a digitalizar sus Pymes o Fuerza de Ventas con plataformas SaaS integradas VER M\u00c1S Habilitamos empresas que atienden Pymes [&hellip;]","og_url":"https:\/\/virket.com\/es\/","og_site_name":"Virket","article_publisher":"https:\/\/www.facebook.com\/grupovirket\/","article_modified_time":"2026-04-01T20:42:22+00:00","og_image":[{"url":"https:\/\/virket.com\/wp-content\/uploads\/2018\/10\/agency1.jpg","type":"","width":"","height":""}],"twitter_card":"summary_large_image","twitter_misc":{"Tiempo de lectura":"2 minutos"},"schema":{"@context":"https:\/\/schema.org","@graph":[{"@type":"WebPage","@id":"https:\/\/virket.com\/","url":"https:\/\/virket.com\/","name":"Home","isPartOf":{"@id":"https:\/\/virket.com\/#website"},"primaryImageOfPage":{"@id":"https:\/\/virket.com\/#primaryimage"},"image":{"@id":"https:\/\/virket.com\/#primaryimage"},"thumbnailUrl":"https:\/\/virket.com\/wp-content\/uploads\/2018\/10\/agency1.jpg","datePublished":"2018-10-25T21:27:57+00:00","dateModified":"2026-04-01T20:42:22+00:00","breadcrumb":{"@id":"https:\/\/virket.com\/#breadcrumb"},"inLanguage":"es-MX","potentialAction":[{"@type":"ReadAction","target":["https:\/\/virket.com\/"]}]},{"@type":"ImageObject","inLanguage":"es-MX","@id":"https:\/\/virket.com\/#primaryimage","url":"https:\/\/virket.com\/wp-content\/uploads\/2018\/10\/agency1.jpg","contentUrl":"https:\/\/virket.com\/wp-content\/uploads\/2018\/10\/agency1.jpg"},{"@type":"BreadcrumbList","@id":"https:\/\/virket.com\/#breadcrumb","itemListElement":[{"@type":"ListItem","position":1,"name":"Home","item":"https:\/\/virket.com\/"},{"@type":"ListItem","position":2,"name":"Home"}]},{"@type":"WebSite","@id":"https:\/\/virket.com\/#website","url":"https:\/\/virket.com\/","name":"Virket Group","description":"","potentialAction":[{"@type":"SearchAction","target":{"@type":"EntryPoint","urlTemplate":"https:\/\/virket.com\/?s={search_term_string}"},"query-input":{"@type":"PropertyValueSpecification","valueRequired":true,"valueName":"search_term_string"}}],"inLanguage":"es-MX"}]}},"_links":{"self":[{"href":"https:\/\/virket.com\/es\/wp-json\/wp\/v2\/pages\/5","targetHints":{"allow":["GET"]}}],"collection":[{"href":"https:\/\/virket.com\/es\/wp-json\/wp\/v2\/pages"}],"about":[{"href":"https:\/\/virket.com\/es\/wp-json\/wp\/v2\/types\/page"}],"author":[{"embeddable":true,"href":"https:\/\/virket.com\/es\/wp-json\/wp\/v2\/users\/4"}],"replies":[{"embeddable":true,"href":"https:\/\/virket.com\/es\/wp-json\/wp\/v2\/comments?post=5"}],"version-history":[{"count":52,"href":"https:\/\/virket.com\/es\/wp-json\/wp\/v2\/pages\/5\/revisions"}],"predecessor-version":[{"id":705,"href":"https:\/\/virket.com\/es\/wp-json\/wp\/v2\/pages\/5\/revisions\/705"}],"wp:attachment":[{"href":"https:\/\/virket.com\/es\/wp-json\/wp\/v2\/media?parent=5"}],"curies":[{"name":"wp","href":"https:\/\/api.w.org\/{rel}","templated":true}]}}