{"id":7,"date":"2018-10-25T15:29:20","date_gmt":"2018-10-25T21:29:20","guid":{"rendered":"\/\/virket.com\/?page_id=7"},"modified":"2026-04-01T14:06:58","modified_gmt":"2026-04-01T20:06:58","slug":"agency","status":"publish","type":"page","link":"https:\/\/virket.com\/es\/agency\/","title":{"rendered":"Agency"},"content":{"rendered":"<div id=\"headerAgency\" class=\"page-header\">\n<div class=\"container\">\n<h2>Ayudamos a las marcas a conectarse con sus consumidores locales a trav\u00e9s de servicios de marketing de rendimiento digital.<\/h2>\n<p><!--div class=\"text-center\">\n        <button class=\"btn btn-link\"><i class=\"far fa-play-circle\"><\/i> Ver Video<\/button>\n      <\/div-->\n<\/div>\n<\/div>\n<section class=\"counter-cards section-dark-blue\">\n<div class=\"container\">\n<div class=\"section-title text-center text-white mb-5\">El Consumidor Digital<\/div>\n<div class=\"row\">\n<div class=\"col-lg-3 col-md-6\">\n<div class=\"card mb-4 mb-lg-0\">\n<div class=\"counter\">\n<div id=\"counter1\"><\/div>\n<div class=\"counter-inner\" data-aos=\"zoom-out\"><\/div>\n<\/div>\n<div class=\"card-body text-center\">\n<div class=\"h2\">76%<\/div>\n<div class=\"card-text\">De los usuarios de internet se conectan a trav\u00e9s del m\u00f3vil.<\/div>\n<\/div>\n<\/div>\n<\/div>\n<div class=\"col-lg-3 col-md-6\">\n<div class=\"card mb-4 mb-lg-0\">\n<div class=\"counter\">\n<div id=\"counter2\"><\/div>\n<div class=\"counter-inner\" data-aos=\"zoom-out\"><\/div>\n<\/div>\n<div class=\"card-body text-center\">\n<div class=\"h2\">56%<\/div>\n<div class=\"card-text\">De las b\u00fasquedas en Google tienen intenci\u00f3n local.<\/div>\n<\/div>\n<\/div>\n<\/div>\n<div class=\"col-lg-3 col-md-6\">\n<div class=\"card mb-4 mb-md-0\">\n<div class=\"counter\">\n<div id=\"counter3\"><\/div>\n<div class=\"counter-inner\" data-aos=\"zoom-out\"><\/div>\n<\/div>\n<div class=\"card-body text-center\">\n<div class=\"h2\">76%<\/div>\n<div class=\"card-text\">De las b\u00fasquedas m\u00f3viles resultan en una visita a la en un lapso de 24 horas.<\/div>\n<\/div>\n<\/div>\n<\/div>\n<div class=\"col-lg-3 col-md-6\">\n<div class=\"card\">\n<div class=\"counter\">\n<div id=\"counter4\"><\/div>\n<div class=\"counter-inner\" data-aos=\"zoom-out\"><\/div>\n<\/div>\n<div class=\"card-body text-center\">\n<div class=\"h2\">28%<\/div>\n<div class=\"card-text\">De esas b\u00fasquedas locales resultan en una compra.<\/div>\n<\/div>\n<\/div>\n<\/div>\n<\/div>\n<\/div>\n<div id=\"bunits\"><\/div>\n<\/section>\n<section id=\"timelineSection\" class=\"section-dark-blue\">\n<div class=\"top\">\n<div class=\"container text-center\">\n<div class=\"section-title d-inline-block text-white\">Performance Marketing Digital a la Medida<\/div>\n<div class=\"h4 mb-5\">Estrategias digitales integradas orientadas a atraer y convertir al consumidor digital.<\/div>\n<p>Los patrones de compra del consumidor han cambiado para siempre. A medida que la informaci\u00f3n se difunde (en la nube y lo social) y se vuelve ubicua (m\u00f3vil), un consumidor m\u00e1s inteligente y conectado tiene ahora el poder de compra en sus manos en todo momento.<\/p>\n<p>Con los clientes habilitados en el asiento del conductor, las marcas deben crear experiencias de clientes relevantes en todos los canales, plataformas y dispositivos para poder remolcar en la &#8220;era del cliente&#8221;.<\/p>\n<p class=\"pb-3\">Nuestros servicios ayudan a las marcas a generar conversiones (ROI) efectivas y eficientes mediante la integraci\u00f3n de puntos de contacto sin\u00e9rgicos en todo el recorrido del cliente que se relaciona con el consumidor estricto, con el mensaje correcto y en el momento adecuado.<\/p>\n<\/div>\n<\/div>\n<div class=\"section-dots\">\n<div class=\"container-fluid\">\n<div class=\"timeline row\">\n<div class=\"col-md-4 col-lg\">\n<header>\n<div class=\"h4\">1. Consultor\u00eda<\/div>\n<p>Estrategia Digital<\/p>\n<\/header>\n<div class=\"icon\"><\/div>\n<ul class=\"list-unstyled\">\n<li>SEO<\/li>\n<li>UX\/UI<\/li>\n<li>Anal\u00edtica Web<\/li>\n<\/ul>\n<\/div>\n<div class=\"col-md-4 col-lg\">\n<header>\n<div class=\"h4\">2. Producci\u00f3n Digital<\/div>\n<p>Materiales Digitales Optimizados<\/p>\n<\/header>\n<div class=\"icon\"><\/div>\n<ul class=\"list-unstyled\">\n<li>Desarrollo Web<\/li>\n<li>Plataformas E-commerce<\/li>\n<li>Plataformas Multi-Location<\/li>\n<\/ul>\n<\/div>\n<div class=\"col-md-4 col-lg active\">\n<header>\n<div class=\"h4\">3. Medios Digitales<\/div>\n<p>Anuncios digitales program\u00e1ticos<\/p>\n<\/header>\n<div class=\"icon\"><\/div>\n<ul class=\"list-unstyled\">\n<li>SEM<\/li>\n<li>Display y Retargeting<\/li>\n<li>Anuncios de redes sociales<\/li>\n<li>Program\u00e1tica<\/li>\n<\/ul>\n<\/div>\n<div class=\"col-md-4 col-lg\">\n<header>\n<div class=\"h4\">4. Inbound Marketing<\/div>\n<p>Contenido para la conversi\u00f3n de leads<\/p>\n<\/header>\n<div class=\"icon\"><\/div>\n<ul class=\"list-unstyled\">\n<li>Amplificaci\u00f3n de Contenido<\/li>\n<li>Marketing de Redes Sociales<\/li>\n<li>Email Marketing<\/li>\n<\/ul>\n<\/div>\n<div class=\"col-md-4 col-lg\">\n<header>\n<div class=\"h4\">5. Tecnologia de Marketing<\/div>\n<p>Software digital como Servicio<\/p>\n<\/header>\n<div class=\"icon\"><\/div>\n<ul class=\"list-unstyled\">\n<li>Call Tracking<\/li>\n<li>Automatizaci\u00f3n de conversi\u00f3n de leads<\/li>\n<\/ul>\n<\/div>\n<\/div>\n<\/div>\n<\/div>\n<\/section>\n<section id=\"cardsRail\" class=\"section-dark-blue\">\n<div class=\"container text-center\">\n<div class=\"section-title text-white\">Soluciones Digitales para Franquicias<\/div>\n<div class=\"h4 mb-5\">Soluci\u00f3n digital completa de ubicaci\u00f3n m\u00faltiple empaquetada para conquistar al consumidor local<\/div>\n<p>A medida que la adopci\u00f3n m\u00f3vil contin\u00faa creciendo, los consumidores &#8220;en movimiento&#8221; est\u00e1n realizando m\u00e1s b\u00fasquedas con una intenci\u00f3n local. Las empresas que llegan al mercado a trav\u00e9s de m\u00faltiples ubicaciones f\u00edsicas pueden terminar viendo una ca\u00edda considerable en el tr\u00e1fico en l\u00ednea y en persona si no adaptan sus estrategias de marketing digital a esta tendencia hiperlocal.<\/p>\n<p>El Santo Grial para empresas de ubicaciones m\u00faltiples est\u00e1 cerrando la brecha entre las actividades de marketing en l\u00ednea y las ventas locales fuera de l\u00ednea. Nuestro servicio de marketing digital de franquicia y ubicaci\u00f3n m\u00faltiple es una soluci\u00f3n empaquetada que integra las mejores herramientas y t\u00e1cticas de su clase para convertir leads.<\/p>\n<\/div>\n<div class=\"container-fluid pt-5\">\n<div class=\"row\">\n<div class=\"col-md-6 col-lg-4 col-xl\">\n<div class=\"card mb-5 mg-xl-0\">\n<div class=\"card-body\">\n<ul>\n<li>Listados<\/li>\n<li>Datos Limpios<\/li>\n<li>Localizaci\u00f3n para incluir direcci\u00f3n, tel\u00e9fono, horas, fotos<\/li>\n<li>Distribuci\u00f3n a trav\u00e9s de agregadores y editores.<\/li>\n<\/ul>\n<\/div>\n<div class=\"card-footer\">Gesti\u00f3n de listados<\/div>\n<\/div>\n<\/div>\n<div class=\"col-md-6 col-lg-4 col-xl\">\n<div class=\"card mb-5 mg-xl-0\">\n<div class=\"card-body\">\n<ul>\n<li>Localizaci\u00f3n de las etiquetas para incluir nombres de ciudades y estados<\/li>\n<li>Optimizaci\u00f3n de meta descripciones para incluir categor\u00edas de productos.<\/li>\n<li>Localizaci\u00f3n de contenido de negocios en la p\u00e1gina<\/li>\n<li>Seguimiento y actualizaci\u00f3n de citas.<\/li>\n<\/ul>\n<\/div>\n<div class=\"card-footer\">SEO Local<\/div>\n<\/div>\n<\/div>\n<div class=\"col-md-6 col-lg-4 col-xl\">\n<div class=\"card mb-5 mg-xl-0\">\n<div class=\"card-body\">\n<ul>\n<li>Creaci\u00f3n de landing pages para cada ubicaci\u00f3n<\/li>\n<li>Link para revisar sitios como Google My Business y Angel List<\/li>\n<li>Optimizaci\u00f3n para dispositivos m\u00f3viles con dise\u00f1o adaptativo.<\/li>\n<li>Incluir n\u00fameros de tel\u00e9fono locales rastreables<\/li>\n<\/ul>\n<\/div>\n<div class=\"card-footer\">Landing Pages<\/div>\n<\/div>\n<\/div>\n<div class=\"col-md-6 col-lg-4 col-xl\">\n<div class=\"card active mb-5 mg-xl-0\">\n<div class=\"card-body\">\n<ul>\n<li style=\"list-style-type: none;\">\n<ul>\n<li>Monitorear Rese\u00f1as<\/li>\n<li>Responder a Rese\u00f1as<\/li>\n<\/ul>\n<\/li>\n<\/ul>\n<p><!--\n \t\n\n<li>Crawl\/Monitor review sites and Social Networks<\/li>\n\n\n \t\n\n<li>Increase volume of positive reviews<\/li>\n\n\n \t\n\n<li>Encourage customers to write reviews<\/li>\n\n\n \t\n\n<li>Incentivize local employees to ask for reviews in store<\/li>\n\n\n--><\/p>\n<\/div>\n<div class=\"card-footer\">Manejo de reputaci\u00f3n<\/div>\n<\/div>\n<\/div>\n<div class=\"col-md-6 col-lg-4 col-xl\">\n<div class=\"card mb-5 mg-xl-0\">\n<div class=\"card-body\">\n<ul>\n<li>Personalizaci\u00f3n los mensajes por geograf\u00eda.<\/li>\n<li>Impulso de mercados de bajo rendimiento<\/li>\n<li>Capturar las oportunidades de anuncios sociales en crecimiento<\/li>\n<\/ul>\n<\/div>\n<div class=\"card-footer\">B\u00fasqueda pagada y social<\/div>\n<\/div>\n<\/div>\n<\/div>\n<\/div>\n<\/section>\n","protected":false},"excerpt":{"rendered":"<p>Ayudamos a las marcas a conectarse con sus consumidores locales a trav\u00e9s de servicios de marketing de rendimiento digital. El Consumidor Digital 76% De los usuarios de internet se conectan a trav\u00e9s del m\u00f3vil. 56% De las b\u00fasquedas en Google tienen intenci\u00f3n local. 76% De las b\u00fasquedas m\u00f3viles resultan en una visita a la en [&hellip;]<\/p>\n","protected":false},"author":4,"featured_media":0,"parent":0,"menu_order":0,"comment_status":"closed","ping_status":"closed","template":"","meta":{"footnotes":""},"class_list":["post-7","page","type-page","status-publish","hentry"],"yoast_head":"<!-- This site is optimized with the Yoast SEO plugin v27.3 - https:\/\/yoast.com\/product\/yoast-seo-wordpress\/ -->\n<title>Agency<\/title>\n<meta name=\"robots\" content=\"index, follow, max-snippet:-1, max-image-preview:large, max-video-preview:-1\" \/>\n<link rel=\"canonical\" href=\"https:\/\/virket.com\/es\/agency\/\" \/>\n<meta property=\"og:locale\" content=\"es_MX\" \/>\n<meta property=\"og:locale:alternate\" content=\"en_US\" \/>\n<meta property=\"og:type\" content=\"article\" \/>\n<meta property=\"og:title\" content=\"Agency\" \/>\n<meta property=\"og:description\" content=\"Ayudamos a las marcas a conectarse con sus consumidores locales a trav\u00e9s de servicios de marketing de rendimiento digital. El Consumidor Digital 76% De los usuarios de internet se conectan a trav\u00e9s del m\u00f3vil. 56% De las b\u00fasquedas en Google tienen intenci\u00f3n local. 76% De las b\u00fasquedas m\u00f3viles resultan en una visita a la en [&hellip;]\" \/>\n<meta property=\"og:url\" content=\"https:\/\/virket.com\/es\/agency\/\" \/>\n<meta property=\"og:site_name\" content=\"Virket\" \/>\n<meta property=\"article:publisher\" content=\"https:\/\/www.facebook.com\/grupovirket\/\" \/>\n<meta property=\"article:modified_time\" content=\"2026-04-01T20:06:58+00:00\" \/>\n<meta name=\"twitter:card\" content=\"summary_large_image\" \/>\n<meta name=\"twitter:label1\" content=\"Tiempo de lectura\" \/>\n\t<meta name=\"twitter:data1\" content=\"3 minutos\" \/>\n<script type=\"application\/ld+json\" class=\"yoast-schema-graph\">{\"@context\":\"https:\\\/\\\/schema.org\",\"@graph\":[{\"@type\":\"WebPage\",\"@id\":\"https:\\\/\\\/virket.com\\\/es\\\/agency\\\/\",\"url\":\"https:\\\/\\\/virket.com\\\/es\\\/agency\\\/\",\"name\":\"Agency\",\"isPartOf\":{\"@id\":\"https:\\\/\\\/virket.com\\\/#website\"},\"datePublished\":\"2018-10-25T21:29:20+00:00\",\"dateModified\":\"2026-04-01T20:06:58+00:00\",\"breadcrumb\":{\"@id\":\"https:\\\/\\\/virket.com\\\/es\\\/agency\\\/#breadcrumb\"},\"inLanguage\":\"es-MX\",\"potentialAction\":[{\"@type\":\"ReadAction\",\"target\":[\"https:\\\/\\\/virket.com\\\/es\\\/agency\\\/\"]}]},{\"@type\":\"BreadcrumbList\",\"@id\":\"https:\\\/\\\/virket.com\\\/es\\\/agency\\\/#breadcrumb\",\"itemListElement\":[{\"@type\":\"ListItem\",\"position\":1,\"name\":\"Home\",\"item\":\"https:\\\/\\\/virket.com\\\/\"},{\"@type\":\"ListItem\",\"position\":2,\"name\":\"Agency\"}]},{\"@type\":\"WebSite\",\"@id\":\"https:\\\/\\\/virket.com\\\/#website\",\"url\":\"https:\\\/\\\/virket.com\\\/\",\"name\":\"Virket Group\",\"description\":\"\",\"potentialAction\":[{\"@type\":\"SearchAction\",\"target\":{\"@type\":\"EntryPoint\",\"urlTemplate\":\"https:\\\/\\\/virket.com\\\/?s={search_term_string}\"},\"query-input\":{\"@type\":\"PropertyValueSpecification\",\"valueRequired\":true,\"valueName\":\"search_term_string\"}}],\"inLanguage\":\"es-MX\"}]}<\/script>\n<!-- \/ Yoast SEO plugin. -->","yoast_head_json":{"title":"Agency","robots":{"index":"index","follow":"follow","max-snippet":"max-snippet:-1","max-image-preview":"max-image-preview:large","max-video-preview":"max-video-preview:-1"},"canonical":"https:\/\/virket.com\/es\/agency\/","og_locale":"es_MX","og_type":"article","og_title":"[:en]Agency[:es]Agency[:] - Virket","og_description":"Ayudamos a las marcas a conectarse con sus consumidores locales a trav\u00e9s de servicios de marketing de rendimiento digital. El Consumidor Digital 76% De los usuarios de internet se conectan a trav\u00e9s del m\u00f3vil. 56% De las b\u00fasquedas en Google tienen intenci\u00f3n local. 76% De las b\u00fasquedas m\u00f3viles resultan en una visita a la en [&hellip;]","og_url":"https:\/\/virket.com\/es\/agency\/","og_site_name":"Virket","article_publisher":"https:\/\/www.facebook.com\/grupovirket\/","article_modified_time":"2026-04-01T20:06:58+00:00","twitter_card":"summary_large_image","twitter_misc":{"Tiempo de lectura":"3 minutos"},"schema":{"@context":"https:\/\/schema.org","@graph":[{"@type":"WebPage","@id":"https:\/\/virket.com\/es\/agency\/","url":"https:\/\/virket.com\/es\/agency\/","name":"Agency","isPartOf":{"@id":"https:\/\/virket.com\/#website"},"datePublished":"2018-10-25T21:29:20+00:00","dateModified":"2026-04-01T20:06:58+00:00","breadcrumb":{"@id":"https:\/\/virket.com\/es\/agency\/#breadcrumb"},"inLanguage":"es-MX","potentialAction":[{"@type":"ReadAction","target":["https:\/\/virket.com\/es\/agency\/"]}]},{"@type":"BreadcrumbList","@id":"https:\/\/virket.com\/es\/agency\/#breadcrumb","itemListElement":[{"@type":"ListItem","position":1,"name":"Home","item":"https:\/\/virket.com\/"},{"@type":"ListItem","position":2,"name":"Agency"}]},{"@type":"WebSite","@id":"https:\/\/virket.com\/#website","url":"https:\/\/virket.com\/","name":"Virket Group","description":"","potentialAction":[{"@type":"SearchAction","target":{"@type":"EntryPoint","urlTemplate":"https:\/\/virket.com\/?s={search_term_string}"},"query-input":{"@type":"PropertyValueSpecification","valueRequired":true,"valueName":"search_term_string"}}],"inLanguage":"es-MX"}]}},"_links":{"self":[{"href":"https:\/\/virket.com\/es\/wp-json\/wp\/v2\/pages\/7","targetHints":{"allow":["GET"]}}],"collection":[{"href":"https:\/\/virket.com\/es\/wp-json\/wp\/v2\/pages"}],"about":[{"href":"https:\/\/virket.com\/es\/wp-json\/wp\/v2\/types\/page"}],"author":[{"embeddable":true,"href":"https:\/\/virket.com\/es\/wp-json\/wp\/v2\/users\/4"}],"replies":[{"embeddable":true,"href":"https:\/\/virket.com\/es\/wp-json\/wp\/v2\/comments?post=7"}],"version-history":[{"count":33,"href":"https:\/\/virket.com\/es\/wp-json\/wp\/v2\/pages\/7\/revisions"}],"predecessor-version":[{"id":699,"href":"https:\/\/virket.com\/es\/wp-json\/wp\/v2\/pages\/7\/revisions\/699"}],"wp:attachment":[{"href":"https:\/\/virket.com\/es\/wp-json\/wp\/v2\/media?parent=7"}],"curies":[{"name":"wp","href":"https:\/\/api.w.org\/{rel}","templated":true}]}}