{"id":9,"date":"2018-10-25T15:30:20","date_gmt":"2018-10-25T21:30:20","guid":{"rendered":"\/\/virket.com\/?page_id=9"},"modified":"2026-04-01T14:07:17","modified_gmt":"2026-04-01T20:07:17","slug":"boxx","status":"publish","type":"page","link":"https:\/\/virket.com\/es\/boxx\/","title":{"rendered":"Boxx"},"content":{"rendered":"<div id=\"headerBoxx\" class=\"page-header\">\n<div class=\"container\">\n<h2>Genere crecimiento para sus Distribuidores o Clientes PYMES con una soluci\u00f3n digital \u201ctodo-en-uno\u201d para operar su negocio desde el m\u00f3vil donde sea y cuando sea.<\/h2>\n<p><!--div class=\"text-center\">\n        <button class=\"btn btn-link\"><i class=\"far fa-play-circle\"><\/i>Ver video<\/button>\n      <\/div-->\n<\/div>\n<\/div>\n<div id=\"bunits\"><\/div>\n<section id=\"featuredCards\" class=\"section-dark-blue\">\n<div class=\"container text-center\">\n<div class=\"section-title text-white mb-5\">Ayudamos a nuestros socios comerciales a digitalizar su fuerza de Venta Directa o su base de clientes PYMES. <br class=\"d-none d-sm-block\" \/><br \/>\nProveemos aplicaciones de negocio \u201ctodo-en-uno\u201d que ayudan a crecer, manejar y monitorear sus negocios digitalmente.<\/div>\n<div class=\"row\">\n<div class=\"col-lg-4 offset-lg-0 col-md-6 offset-md-3\">\n<div class=\"card\">\n<div class=\"icon\"><\/div>\n<div class=\"card-title mb-4\">EFECTIVA<\/div>\n<div class=\"card-text px-3\">Nuestras aplicaciones incrementan la productividad del usuario para enfocarse en las tareas m\u00ednimas necesarias para generar el mayor impacto en su negocio.<\/div>\n<\/div>\n<\/div>\n<div class=\"col-lg-4 offset-lg-0 col-md-6 offset-md-3\">\n<div class=\"card\">\n<div class=\"icon\"><\/div>\n<div class=\"card-title mb-4\">PRACTICA<\/div>\n<div class=\"card-text px-3\">Nuestras soluciones est\u00e1n centradas en el cliente (UX\/UI), con un dise\u00f1o enfocado en la facilidad de uso y la movilidad, disponibles 24\/7 y en cualquier lugar.<\/div>\n<\/div>\n<\/div>\n<div class=\"col-lg-4 offset-lg-0 col-md-6 offset-md-3\">\n<div class=\"card\">\n<div class=\"icon\"><\/div>\n<div class=\"card-title mb-4\">ACCESIBLE<\/div>\n<div class=\"card-text px-3\">Nuestro modelo de precios se basa en suscripciones mensuales de bajo costo que permiten al usuario tener acceso a soluciones de alto nivel por no mas de lo que cuesta un caf\u00e9 de Starbucks a la semana.<\/div>\n<\/div>\n<\/div>\n<\/div>\n<\/div>\n<\/section>\n<section id=\"boxxContent\" class=\"separator-image\">\n<div class=\"container\">\n<div class=\"section-title text-center text-white\">Nuestra tecnolog\u00eda \u201cPlataforma-como-Servicio\u201d (PaaS) se ofrece en \u201cmarca blanca\u201d y se adapta al modelo de negocio de nuestros socios.<\/p>\n<div class=\"row\">\n<div class=\"col-sm-10 offset-sm-1 col-md-6 offset-md-0 mb-5 mb-md-0\">\n<div class=\"card\">\n<div class=\"h4\">Proveedores de Servicios a PYMES<\/div>\n<div class=\"card-body px-5\">\n<p>Proporcionamos a empresas con una amplia base de clientes PYMES, soluciones digitales para brindar un valor agregado que pueden empaquetar con su oferta de servicios base o para hacer venta cruzada, a fin de incrementar el ARPU y la retenci\u00f3n de sus clientes PYMES.<\/p>\n<p>Telecom | Directorios | Tecnolog\u00edas de la Informaci\u00f3n| Bancos<\/p>\n<\/div>\n<\/div>\n<\/div>\n<div class=\"col-sm-10 offset-sm-1 col-md-6 offset-md-0\">\n<div class=\"card\">\n<div class=\"h4\">Venta Directa y Marketing Multi-Nivel (MLM)<\/div>\n<div class=\"card-body px-5\">\n<p>Ofrecemos plataformas tecnol\u00f3gicas dise\u00f1adas para mejorar la productividad de sus Distribuidores o Representantes de Venta Directa, para habilitarlos a manejar todo su negocio con una aplicaci\u00f3n m\u00f3vil en cualquier lugar, a fin de aumentar la retenci\u00f3n y las ventas.<\/p>\n<p>Belleza | Nutrici\u00f3n | Hogar | Moda | Asesores<\/p>\n<\/div>\n<\/div>\n<\/div>\n<\/div>\n<\/div>\n<\/div>\n<\/section>\n<section id=\"threeIcons\" class=\"section-dark-blue\">\n<div class=\"container\">\n<div class=\"row align-items-center\">\n<div class=\"col-sm-4 text-center mb-5 mb-sm-0\">\n<div class=\"h3\">+45mil Usuarios Activos<\/div>\n<\/div>\n<div class=\"col-sm-4 text-center mb-5 mb-sm-0\">\n<div class=\"h3\">20 Pa\u00edses<\/div>\n<\/div>\n<div class=\"col-sm-4 text-center\">\n<div class=\"h3\">+5 Idiomas<\/div>\n<\/div>\n<\/div>\n<\/div>\n<\/section>\n<section id=\"bottomCards\" class=\"section-dots\">\n<div class=\"container text-center\">\n<div class=\"row\">\n<div class=\"col-sm-10 offset-1\">\n<div class=\"section-title mb-5\">Nuestro software todo-en-uno integra herramientas de negocio que solucionan todo lo que necesita cualquier micro empresario o representante de ventas para hacer crecer, manejar y monitorear su negocio desde un solo lugar.<\/div>\n<p class=\"mb-5\">Desde administrar la presencia web, herramientas de redes sociales, hasta aplicaciones de administraci\u00f3n de clientes para manejar clientes y prospectos, agendar citas, enviar emails, tomar ordenes, procesas pagos, facturar, as\u00ed como monitorear la operaci\u00f3n del negocio con tableros de control e indicadores clave de resultados. Toda la administraci\u00f3n del negocio en un solo lugar.<\/p>\n<p class=\"pb-5\">Todo ello complementado con algoritmos de big data y an\u00e1lisis predictivo para optimizar los resultados de negocio de forma program\u00e1tica, a gran escala.<\/p>\n<\/div>\n<\/div>\n<div class=\"row\">\n<div class=\"col-md-8 offset-md-2 col-lg-4 offset-lg-0 mb-5 mb-lg-0\">\n<div class=\"card\">\n<div class=\"card-head\">\n<div class=\"h4\">Crecer<\/div>\n<div class=\"h5\">Ventas<\/div>\n<\/div>\n<div class=\"list-group list-group-flush\">\n<div class=\"list-group-item\"><i class=\"fas fa-list-ul\"><\/i>Administrador de Presencia Web<\/div>\n<div class=\"list-group-item\"><i class=\"fas fa-tag\"><\/i>Generador de cupones<\/div>\n<div class=\"list-group-item\"><i class=\"fas fa-users\"><\/i>Administrador de Redes Sociales<\/div>\n<div class=\"list-group-item\"><i class=\"fas fa-address-book\"><\/i>Administrador de Contactos<\/div>\n<div class=\"list-group-item\"><i class=\"fas fa-address-card\"><\/i>Administrador del Embudo de Ventas<\/div>\n<div class=\"list-group-item\"><i class=\"fas fa-calendar-check\"><\/i>Administrador de Citas<\/div>\n<\/div>\n<\/div>\n<\/div>\n<div class=\"col-md-8 offset-md-2 col-lg-4 offset-lg-0 mb-5 mb-lg-0\">\n<div class=\"card\">\n<div class=\"card-head\">\n<div class=\"h4\">Administrar<\/div>\n<div class=\"h5\">Negocios<\/div>\n<\/div>\n<div class=\"list-group list-group-flush\">\n<div class=\"list-group-item\"><i class=\"fas fa-list-ul\"><\/i>Cliente de Correo Electr\u00f3nico<\/div>\n<div class=\"list-group-item\"><i class=\"fas fa-tag\"><\/i>Calendario<\/div>\n<div class=\"list-group-item\"><i class=\"fas fa-users\"><\/i>Centro de Mensajes<\/div>\n<div class=\"list-group-item\"><i class=\"fas fa-address-book\"><\/i>Cat\u00e1logo con Carrito de Compras<\/div>\n<div class=\"list-group-item\"><i class=\"fas fa-address-card\"><\/i>Terminal Punto de Venta<\/div>\n<div class=\"list-group-item\"><i class=\"fas fa-calendar-check\"><\/i>Facturaci\u00f3n y Cobranza<\/div>\n<\/div>\n<\/div>\n<\/div>\n<div class=\"col-md-8 offset-md-2 col-lg-4 offset-lg-0\">\n<div class=\"card\">\n<div class=\"card-head\">\n<div class=\"h4\">Monitorear<\/div>\n<div class=\"h5\">Resultados<\/div>\n<\/div>\n<div class=\"list-group list-group-flush\">\n<div class=\"list-group-item\"><i class=\"fas fa-list-ul\"><\/i>Tablero de Marketing<\/div>\n<div class=\"list-group-item\"><i class=\"fas fa-tag\"><\/i>Tablero de Ventas<\/div>\n<div class=\"list-group-item\"><i class=\"fas fa-users\"><\/i>Tablero de Operaciones<\/div>\n<div class=\"list-group-item\"><i class=\"fas fa-address-book\"><\/i>Administraci\u00f3n de cuentas<\/div>\n<div class=\"list-group-item\"><i class=\"fas fa-address-card\"><\/i>M\u00f3dulo de capacitaci\u00f3n<\/div>\n<div class=\"list-group-item\"><i class=\"fas fa-calendar-check\"><\/i>Help Desk<\/div>\n<\/div>\n<\/div>\n<\/div>\n<\/div>\n<\/div>\n<\/section>\n","protected":false},"excerpt":{"rendered":"<p>Genere crecimiento para sus Distribuidores o Clientes PYMES con una soluci\u00f3n digital \u201ctodo-en-uno\u201d para operar su negocio desde el m\u00f3vil donde sea y cuando sea. Ayudamos a nuestros socios comerciales a digitalizar su fuerza de Venta Directa o su base de clientes PYMES. Proveemos aplicaciones de negocio \u201ctodo-en-uno\u201d que ayudan a crecer, manejar y monitorear [&hellip;]<\/p>\n","protected":false},"author":4,"featured_media":0,"parent":0,"menu_order":0,"comment_status":"closed","ping_status":"closed","template":"","meta":{"footnotes":""},"class_list":["post-9","page","type-page","status-publish","hentry"],"yoast_head":"<!-- This site is optimized with the Yoast SEO plugin v27.3 - https:\/\/yoast.com\/product\/yoast-seo-wordpress\/ -->\n<title>Boxx<\/title>\n<meta name=\"robots\" content=\"index, follow, max-snippet:-1, max-image-preview:large, max-video-preview:-1\" \/>\n<link rel=\"canonical\" href=\"https:\/\/virket.com\/es\/boxx\/\" \/>\n<meta property=\"og:locale\" content=\"es_MX\" \/>\n<meta property=\"og:locale:alternate\" content=\"en_US\" \/>\n<meta property=\"og:type\" content=\"article\" \/>\n<meta property=\"og:title\" content=\"Boxx\" \/>\n<meta property=\"og:description\" content=\"Genere crecimiento para sus Distribuidores o Clientes PYMES con una soluci\u00f3n digital \u201ctodo-en-uno\u201d para operar su negocio desde el m\u00f3vil donde sea y cuando sea. Ayudamos a nuestros socios comerciales a digitalizar su fuerza de Venta Directa o su base de clientes PYMES. Proveemos aplicaciones de negocio \u201ctodo-en-uno\u201d que ayudan a crecer, manejar y monitorear [&hellip;]\" \/>\n<meta property=\"og:url\" content=\"https:\/\/virket.com\/es\/boxx\/\" \/>\n<meta property=\"og:site_name\" content=\"Virket\" \/>\n<meta property=\"article:publisher\" content=\"https:\/\/www.facebook.com\/grupovirket\/\" \/>\n<meta property=\"article:modified_time\" content=\"2026-04-01T20:07:17+00:00\" \/>\n<meta name=\"twitter:card\" content=\"summary_large_image\" \/>\n<meta name=\"twitter:label1\" content=\"Tiempo de lectura\" \/>\n\t<meta name=\"twitter:data1\" content=\"3 minutos\" \/>\n<script type=\"application\/ld+json\" class=\"yoast-schema-graph\">{\"@context\":\"https:\\\/\\\/schema.org\",\"@graph\":[{\"@type\":\"WebPage\",\"@id\":\"https:\\\/\\\/virket.com\\\/es\\\/boxx\\\/\",\"url\":\"https:\\\/\\\/virket.com\\\/es\\\/boxx\\\/\",\"name\":\"Boxx\",\"isPartOf\":{\"@id\":\"https:\\\/\\\/virket.com\\\/#website\"},\"datePublished\":\"2018-10-25T21:30:20+00:00\",\"dateModified\":\"2026-04-01T20:07:17+00:00\",\"breadcrumb\":{\"@id\":\"https:\\\/\\\/virket.com\\\/es\\\/boxx\\\/#breadcrumb\"},\"inLanguage\":\"es-MX\",\"potentialAction\":[{\"@type\":\"ReadAction\",\"target\":[\"https:\\\/\\\/virket.com\\\/es\\\/boxx\\\/\"]}]},{\"@type\":\"BreadcrumbList\",\"@id\":\"https:\\\/\\\/virket.com\\\/es\\\/boxx\\\/#breadcrumb\",\"itemListElement\":[{\"@type\":\"ListItem\",\"position\":1,\"name\":\"Home\",\"item\":\"https:\\\/\\\/virket.com\\\/\"},{\"@type\":\"ListItem\",\"position\":2,\"name\":\"Boxx\"}]},{\"@type\":\"WebSite\",\"@id\":\"https:\\\/\\\/virket.com\\\/#website\",\"url\":\"https:\\\/\\\/virket.com\\\/\",\"name\":\"Virket Group\",\"description\":\"\",\"potentialAction\":[{\"@type\":\"SearchAction\",\"target\":{\"@type\":\"EntryPoint\",\"urlTemplate\":\"https:\\\/\\\/virket.com\\\/?s={search_term_string}\"},\"query-input\":{\"@type\":\"PropertyValueSpecification\",\"valueRequired\":true,\"valueName\":\"search_term_string\"}}],\"inLanguage\":\"es-MX\"}]}<\/script>\n<!-- \/ Yoast SEO plugin. -->","yoast_head_json":{"title":"Boxx","robots":{"index":"index","follow":"follow","max-snippet":"max-snippet:-1","max-image-preview":"max-image-preview:large","max-video-preview":"max-video-preview:-1"},"canonical":"https:\/\/virket.com\/es\/boxx\/","og_locale":"es_MX","og_type":"article","og_title":"[:en]Boxx[:es]Boxx[:] - Virket","og_description":"Genere crecimiento para sus Distribuidores o Clientes PYMES con una soluci\u00f3n digital \u201ctodo-en-uno\u201d para operar su negocio desde el m\u00f3vil donde sea y cuando sea. Ayudamos a nuestros socios comerciales a digitalizar su fuerza de Venta Directa o su base de clientes PYMES. Proveemos aplicaciones de negocio \u201ctodo-en-uno\u201d que ayudan a crecer, manejar y monitorear [&hellip;]","og_url":"https:\/\/virket.com\/es\/boxx\/","og_site_name":"Virket","article_publisher":"https:\/\/www.facebook.com\/grupovirket\/","article_modified_time":"2026-04-01T20:07:17+00:00","twitter_card":"summary_large_image","twitter_misc":{"Tiempo de lectura":"3 minutos"},"schema":{"@context":"https:\/\/schema.org","@graph":[{"@type":"WebPage","@id":"https:\/\/virket.com\/es\/boxx\/","url":"https:\/\/virket.com\/es\/boxx\/","name":"Boxx","isPartOf":{"@id":"https:\/\/virket.com\/#website"},"datePublished":"2018-10-25T21:30:20+00:00","dateModified":"2026-04-01T20:07:17+00:00","breadcrumb":{"@id":"https:\/\/virket.com\/es\/boxx\/#breadcrumb"},"inLanguage":"es-MX","potentialAction":[{"@type":"ReadAction","target":["https:\/\/virket.com\/es\/boxx\/"]}]},{"@type":"BreadcrumbList","@id":"https:\/\/virket.com\/es\/boxx\/#breadcrumb","itemListElement":[{"@type":"ListItem","position":1,"name":"Home","item":"https:\/\/virket.com\/"},{"@type":"ListItem","position":2,"name":"Boxx"}]},{"@type":"WebSite","@id":"https:\/\/virket.com\/#website","url":"https:\/\/virket.com\/","name":"Virket Group","description":"","potentialAction":[{"@type":"SearchAction","target":{"@type":"EntryPoint","urlTemplate":"https:\/\/virket.com\/?s={search_term_string}"},"query-input":{"@type":"PropertyValueSpecification","valueRequired":true,"valueName":"search_term_string"}}],"inLanguage":"es-MX"}]}},"_links":{"self":[{"href":"https:\/\/virket.com\/es\/wp-json\/wp\/v2\/pages\/9","targetHints":{"allow":["GET"]}}],"collection":[{"href":"https:\/\/virket.com\/es\/wp-json\/wp\/v2\/pages"}],"about":[{"href":"https:\/\/virket.com\/es\/wp-json\/wp\/v2\/types\/page"}],"author":[{"embeddable":true,"href":"https:\/\/virket.com\/es\/wp-json\/wp\/v2\/users\/4"}],"replies":[{"embeddable":true,"href":"https:\/\/virket.com\/es\/wp-json\/wp\/v2\/comments?post=9"}],"version-history":[{"count":29,"href":"https:\/\/virket.com\/es\/wp-json\/wp\/v2\/pages\/9\/revisions"}],"predecessor-version":[{"id":700,"href":"https:\/\/virket.com\/es\/wp-json\/wp\/v2\/pages\/9\/revisions\/700"}],"wp:attachment":[{"href":"https:\/\/virket.com\/es\/wp-json\/wp\/v2\/media?parent=9"}],"curies":[{"name":"wp","href":"https:\/\/api.w.org\/{rel}","templated":true}]}}